{"id":21252,"date":"2022-06-30T18:17:18","date_gmt":"2022-06-30T18:17:18","guid":{"rendered":"https:\/\/ahriise.rainbowriders.dk\/spirits\/competition-rules-and-conditions\/"},"modified":"2025-05-30T11:50:00","modified_gmt":"2025-05-30T11:50:00","slug":"competition-rules-and-conditions","status":"publish","type":"page","link":"https:\/\/oscspirits.com\/de\/competition-rules-and-conditions\/","title":{"rendered":"Competition rules and conditions"},"content":{"rendered":"\t\t<div data-elementor-type=\"wp-page\" data-elementor-id=\"21252\" class=\"elementor elementor-21252 elementor-21232\" data-elementor-settings=\"{&quot;ha_cmc_init_switcher&quot;:&quot;no&quot;}\" data-elementor-post-type=\"page\">\n\t\t\t\t\t\t<section class=\"elementor-section elementor-top-section elementor-element elementor-element-59f3fb0 elementor-section-height-min-height elementor-section-items-bottom elementor-section-boxed elementor-section-height-default\" data-id=\"59f3fb0\" data-element_type=\"section\" data-e-type=\"section\" data-settings=\"{&quot;background_background&quot;:&quot;classic&quot;,&quot;_ha_eqh_enable&quot;:false}\">\n\t\t\t\t\t\t<div class=\"elementor-container elementor-column-gap-default\">\n\t\t\t\t\t<div class=\"elementor-column elementor-col-50 elementor-top-column elementor-element elementor-element-0609ef3\" data-id=\"0609ef3\" data-element_type=\"column\" data-e-type=\"column\">\n\t\t\t<div class=\"elementor-widget-wrap elementor-element-populated\">\n\t\t\t\t\t\t<div class=\"elementor-element elementor-element-bc1753c elementor-widget elementor-widget-heading\" data-id=\"bc1753c\" data-element_type=\"widget\" data-e-type=\"widget\" data-widget_type=\"heading.default\">\n\t\t\t\t<div class=\"elementor-widget-container\">\n\t\t\t\t\t<h2 class=\"elementor-heading-title elementor-size-default\">Regeln und Bedingungen<\/h2>\t\t\t\t<\/div>\n\t\t\t\t<\/div>\n\t\t\t\t<div class=\"elementor-element elementor-element-43369df elementor-widget elementor-widget-heading\" data-id=\"43369df\" data-element_type=\"widget\" data-e-type=\"widget\" data-widget_type=\"heading.default\">\n\t\t\t\t<div class=\"elementor-widget-container\">\n\t\t\t\t\t<h2 class=\"elementor-heading-title elementor-size-default\"> Regeln und Bedingungen Holen Sie sich weitere Informationen \u00fcber Ihre Wettbewerbsregeln und -bedingungen.<\/h2>\t\t\t\t<\/div>\n\t\t\t\t<\/div>\n\t\t\t\t\t<\/div>\n\t\t<\/div>\n\t\t\t\t<div class=\"elementor-column elementor-col-50 elementor-top-column elementor-element elementor-element-46386cb\" data-id=\"46386cb\" data-element_type=\"column\" data-e-type=\"column\">\n\t\t\t<div class=\"elementor-widget-wrap elementor-element-populated\">\n\t\t\t\t\t\t<div class=\"elementor-element elementor-element-1cbc180 elementor-absolute elementor-hidden-tablet elementor-hidden-mobile elementor-widget__width-auto elementor-align-center elementor-widget elementor-widget-lottie\" data-id=\"1cbc180\" data-element_type=\"widget\" data-e-type=\"widget\" data-settings=\"{&quot;source_json&quot;:{&quot;url&quot;:&quot;https:\\\/\\\/oldstcroix.com\\\/wp-content\\\/uploads\\\/2021\\\/10\\\/5944-scroll-down.json&quot;,&quot;id&quot;:2199,&quot;size&quot;:&quot;&quot;,&quot;alt&quot;:&quot;&quot;,&quot;source&quot;:&quot;library&quot;},&quot;loop&quot;:&quot;yes&quot;,&quot;_position&quot;:&quot;absolute&quot;,&quot;source&quot;:&quot;media_file&quot;,&quot;caption_source&quot;:&quot;none&quot;,&quot;link_to&quot;:&quot;none&quot;,&quot;trigger&quot;:&quot;arriving_to_viewport&quot;,&quot;viewport&quot;:{&quot;unit&quot;:&quot;%&quot;,&quot;size&quot;:&quot;&quot;,&quot;sizes&quot;:{&quot;start&quot;:0,&quot;end&quot;:100}},&quot;play_speed&quot;:{&quot;unit&quot;:&quot;px&quot;,&quot;size&quot;:1,&quot;sizes&quot;:[]},&quot;start_point&quot;:{&quot;unit&quot;:&quot;%&quot;,&quot;size&quot;:0,&quot;sizes&quot;:[]},&quot;end_point&quot;:{&quot;unit&quot;:&quot;%&quot;,&quot;size&quot;:100,&quot;sizes&quot;:[]},&quot;renderer&quot;:&quot;svg&quot;}\" data-widget_type=\"lottie.default\">\n\t\t\t\t<div class=\"elementor-widget-container\">\n\t\t\t\t\t<div class=\"e-lottie__container\"><div class=\"e-lottie__animation\"><\/div><\/div>\t\t\t\t<\/div>\n\t\t\t\t<\/div>\n\t\t\t\t<div class=\"elementor-element elementor-element-de25e30 elementor-widget-mobile__width-inherit elementor-absolute elementor-hidden-desktop elementor-hidden-tablet elementor-widget elementor-widget-image\" data-id=\"de25e30\" data-element_type=\"widget\" data-e-type=\"widget\" data-settings=\"{&quot;_position&quot;:&quot;absolute&quot;}\" data-widget_type=\"image.default\">\n\t\t\t\t<div class=\"elementor-widget-container\">\n\t\t\t\t\t\t\t\t\t\t\t\t\t\t\t<img decoding=\"async\" src=\"https:\/\/oldstcroix.com\/wp-content\/uploads\/2021\/12\/mobible_down.png\" title=\"\" alt=\"\" loading=\"lazy\" \/>\t\t\t\t\t\t\t\t\t\t\t\t\t\t\t<\/div>\n\t\t\t\t<\/div>\n\t\t\t\t\t<\/div>\n\t\t<\/div>\n\t\t\t\t\t<\/div>\n\t\t<\/section>\n\t\t\t\t<section class=\"elementor-section elementor-top-section elementor-element elementor-element-6309b54 elementor-section-boxed elementor-section-height-default elementor-section-height-default\" data-id=\"6309b54\" data-element_type=\"section\" data-e-type=\"section\" data-settings=\"{&quot;_ha_eqh_enable&quot;:false}\">\n\t\t\t\t\t\t<div class=\"elementor-container elementor-column-gap-default\">\n\t\t\t\t\t<div class=\"elementor-column elementor-col-100 elementor-top-column elementor-element elementor-element-3229281\" data-id=\"3229281\" data-element_type=\"column\" data-e-type=\"column\">\n\t\t\t<div class=\"elementor-widget-wrap elementor-element-populated\">\n\t\t\t\t\t\t<section class=\"elementor-section elementor-inner-section elementor-element elementor-element-1eca892 elementor-section-boxed elementor-section-height-default elementor-section-height-default\" data-id=\"1eca892\" data-element_type=\"section\" data-e-type=\"section\" data-settings=\"{&quot;background_background&quot;:&quot;classic&quot;,&quot;_ha_eqh_enable&quot;:false}\">\n\t\t\t\t\t\t\t<div class=\"elementor-background-overlay\"><\/div>\n\t\t\t\t\t\t\t<div class=\"elementor-container elementor-column-gap-default\">\n\t\t\t\t\t<div class=\"elementor-column elementor-col-100 elementor-inner-column elementor-element elementor-element-16b8534\" data-id=\"16b8534\" data-element_type=\"column\" data-e-type=\"column\">\n\t\t\t<div class=\"elementor-widget-wrap elementor-element-populated\">\n\t\t\t\t\t\t<div class=\"elementor-element elementor-element-38e7e9f elementor-widget elementor-widget-heading\" data-id=\"38e7e9f\" data-element_type=\"widget\" data-e-type=\"widget\" data-widget_type=\"heading.default\">\n\t\t\t\t<div class=\"elementor-widget-container\">\n\t\t\t\t\t<h2 class=\"elementor-heading-title elementor-size-default\">Regeln und Bedingungen<\/h2>\t\t\t\t<\/div>\n\t\t\t\t<\/div>\n\t\t\t\t<div class=\"elementor-element elementor-element-d2d9ae4 elementor-widget elementor-widget-text-editor\" data-id=\"d2d9ae4\" data-element_type=\"widget\" data-e-type=\"widget\" data-widget_type=\"text-editor.default\">\n\t\t\t\t<div class=\"elementor-widget-container\">\n\t\t\t\t\t\t\t\t\t<p><strong>1. Newsletter<\/strong><\/p>\n<p>Wenn Sie sich f\u00fcr unseren Newsletter anmelden, senden wir Ihnen elektronisches Marketingmaterial per E-Mail oder \u00fcber soziale Medien.<\/p>\n<p>Sie stimmen ferner zu, dass wir Ihre personenbezogenen Daten in Form von Name und E-Mail verarbeiten d\u00fcrfen, um Ihnen Informationen \u00fcber Produkte von Old St. Croix Spirits zuzusenden. Weitere Informationen zur Verarbeitung personenbezogener Daten finden Sie in unserer Datenschutzerkl\u00e4rung und in unserer Cookie-Richtlinie.<\/p>\n<p>Sie k\u00f6nnen den Erhalt von Newslettern jederzeit abbestellen. Sie k\u00f6nnen dies tun, indem Sie den Anweisungen im letzten erhaltenen Newsletter folgen oder uns eine E-Mail an info@oscspirits.com senden.<\/p>\n<p><strong>2. Allgemeine Teilnahmebedingungen des Gewinnspiels<\/strong><\/p>\n<p>Anbieter der Gewinnspiele ist Old St. Croix Spirits ApS, A.P. M\u00f8llers Alle 9C, 2791 Drag\u00f8r.<\/p>\n<p>Durch die Teilnahme an einem Gewinnspiel stimmen Sie den Gewinnspielregeln zu.<\/p>\n<p>Um an unseren Gewinnspielen teilnehmen zu k\u00f6nnen, m\u00fcssen Sie mindestens 18 Jahre alt sein. Old St. Croix Spirits beh\u00e4lt sich das Recht vor, das Alter des Gewinners zu \u00fcberpr\u00fcfen und Teilnehmer unter 18 Jahren auszuschlie\u00dfen.<\/p>\n<p>Sofern nicht anders angegeben, sind die Gewinnspiele kostenlos und jede Person kann nur einmal teilnehmen. T\u00e4uschungsversuche f\u00fchren zum Ausschluss vom Gewinnspiel.<\/p>\n<p>Die Wettbewerbe sollen unterhaltsam sein und die Teilnehmer k\u00f6nnen keine Anspr\u00fcche gegen Old St. Croix Spirits geltend machen.<\/p>\n<p>Es kann entschieden werden, dass die Teilnahme an einem bestimmten Wettbewerb durch eine bestimmte Form der Registrierung oder in einem bestimmten Forum, wie z. B. auf der Website oder einem bestimmten sozialen Medium, eingeschr\u00e4nkt werden kann.<\/p>\n<p>F\u00fcr den rechtzeitigen Eingang der Anmeldung ist der Teilnehmer selbst verantwortlich. Anmeldungen, die nach dem letzten Anmeldeschluss eingehen, werden nicht ber\u00fccksichtigt. \u00dcber den rechtzeitigen Eingang der Anmeldung entscheidet Old St. Croix Spirits.<\/p>\n<p>Der Gewinner wird direkt kontaktiert. Old St. Croix Spirits beh\u00e4lt sich das Recht vor, den Gewinner des Gewinnspiels ohne Verg\u00fctung auf der Website sowie in den sozialen Medien zu ver\u00f6ffentlichen. Wird der Gewinn nicht innerhalb von 2 Wochen nach Gewinnbenachrichtigung abgeholt, bleibt der Gewinn Eigentum von Old St. Croix Spirits. Old St. Croix Spirits kann im Zusammenhang mit der Abholung des Preises die Vorlage eines g\u00fcltigen Lichtbildausweises verlangen.<\/p>\n<p>Die Teilnahme an den Wettbewerben steht allen offen, mit Ausnahme von Mitarbeitern und deren Haushalten in Unternehmen von Old St. Croix Spirits.<\/p>\n<p>Old St. Croix Spirits beh\u00e4lt sich das Recht vor, den Preis bei Problemen mit der Lieferung des Produkts oder \u00e4hnlichem gegen ein anderes Produkt mit demselben Wert einzutauschen.<\/p>\n<p>Old St. Croix Spirits beh\u00e4lt sich immer das Recht vor, einen Wettbewerb (einschlie\u00dflich aller Preise) zu \u00e4ndern, abzusagen oder zu verschieben.<\/p>\n<p><strong>3. Soziale Medien<\/strong><\/p>\n<p>Wenn Sie an unseren Gewinnspielen in sozialen Medien wie Instagram, Facebook teilnehmen, erfolgt Ihre Teilnahme durch das Absenden eines \u201eGef\u00e4llt mir\u201c oder durch das Kommentieren eines Beitrags. Ihre Teilnahme kann auch durch Registrierung auf einer bestimmten Gewinnspielseite erfolgen.<\/p>\n<p>Dauer und Beendigung des Gewinnspiels werden in der Bekanntmachung des Gewinnspiels selbst oder auf einer separaten Gewinnspielseite angegeben.<\/p>\n<p>Der Gewinner wird per Direktnachricht sowie durch Ver\u00f6ffentlichung in den sozialen Medien bekannt gegeben.<\/p>\n<p>Unsere Wettbewerbe auf unserer Website oder in sozialen Medien werden nicht von sozialen Medien wie Facebook oder Instagram gesponsert, unterst\u00fctzt oder verwaltet.<\/p>\n<p><strong>4. Preise<\/strong><\/p>\n<p>Die Preise werden dem Gewinner so schnell wie m\u00f6glich nach Ende des Wettbewerbs zugesandt.<\/p>\n<p>Leider bieten wir nicht die M\u00f6glichkeit, Preise gegen andere Artikel, Geschenkkarten oder Bargeld einzutauschen.<\/p>\n<p>Old St. Croix Spirits zahlt die gesetzlich vorgeschriebenen Pr\u00e4miengeb\u00fchren an den Staat f\u00fcr Preise im Wert von \u00fcber 200 DKK inkl. MwSt.<\/p>\n<p>Wenn die Pr\u00e4mie den Reklamationsregeln unterliegt, gilt das ordentliche Reklamationsrecht.<\/p>\n<p><strong>5. Im Allgemeinen<\/strong><\/p>\n<p>Sollten Sie Fragen oder Anmerkungen zu unseren Wettbewerben haben, k\u00f6nnen Sie uns gerne per E-Mail kontaktieren: info@oscspirits.com<\/p>\n\t\t\t\t\t\t\t\t<\/div>\n\t\t\t\t<\/div>\n\t\t\t\t\t<\/div>\n\t\t<\/div>\n\t\t\t\t\t<\/div>\n\t\t<\/section>\n\t\t\t\t\t<\/div>\n\t\t<\/div>\n\t\t\t\t\t<\/div>\n\t\t<\/section>\n\t\t\t\t<section class=\"elementor-section elementor-top-section elementor-element elementor-element-f5c4bd5 elementor-section-boxed elementor-section-height-default elementor-section-height-default\" data-id=\"f5c4bd5\" data-element_type=\"section\" data-e-type=\"section\" data-settings=\"{&quot;background_background&quot;:&quot;classic&quot;,&quot;_ha_eqh_enable&quot;:false}\">\n\t\t\t\t\t\t<div class=\"elementor-container elementor-column-gap-default\">\n\t\t\t\t\t<div class=\"elementor-column elementor-col-50 elementor-top-column elementor-element elementor-element-7d6de04\" data-id=\"7d6de04\" data-element_type=\"column\" data-e-type=\"column\">\n\t\t\t<div class=\"elementor-widget-wrap elementor-element-populated\">\n\t\t\t\t\t\t<div class=\"elementor-element elementor-element-62fc29d elementor-widget elementor-widget-heading\" data-id=\"62fc29d\" data-element_type=\"widget\" data-e-type=\"widget\" data-widget_type=\"heading.default\">\n\t\t\t\t<div class=\"elementor-widget-container\">\n\t\t\t\t\t<h2 class=\"elementor-heading-title elementor-size-default\">24 ERFAHRUNGEN<\/h2>\t\t\t\t<\/div>\n\t\t\t\t<\/div>\n\t\t\t\t<div class=\"elementor-element elementor-element-59c9b08 elementor-widget elementor-widget-heading\" data-id=\"59c9b08\" data-element_type=\"widget\" data-e-type=\"widget\" data-widget_type=\"heading.default\">\n\t\t\t\t<div class=\"elementor-widget-container\">\n\t\t\t\t\t<h2 class=\"elementor-heading-title elementor-size-default\">DIE EXQUISITE A.H. RIISE GESCHICHTSBOX<\/h2>\t\t\t\t<\/div>\n\t\t\t\t<\/div>\n\t\t\t\t<div class=\"elementor-element elementor-element-e8eb01a elementor-widget elementor-widget-text-editor\" data-id=\"e8eb01a\" data-element_type=\"widget\" data-e-type=\"widget\" data-widget_type=\"text-editor.default\">\n\t\t\t\t<div class=\"elementor-widget-container\">\n\t\t\t\t\t\t\t\t\t<div class=\"elementor-element elementor-element-428bc4a elementor-widget elementor-widget-text-editor\" data-id=\"428bc4a\" data-element_type=\"widget\" data-widget_type=\"text-editor.default\">\n<div class=\"elementor-widget-container\">\n<p>Probieren Sie sich durch 24 spannende Sorten und die Hits des n\u00e4chsten Jahres! Diese Verkostungsbox kann sich keine anspruchsvoller Rum-Liebhaber in entgehen lassen.<\/p>\n<\/div>\n<\/div>\n\t\t\t\t\t\t\t\t<\/div>\n\t\t\t\t<\/div>\n\t\t\t\t<div class=\"elementor-element elementor-element-bbac1a1 elementor-align-left elementor-widget elementor-widget-button\" data-id=\"bbac1a1\" data-element_type=\"widget\" data-e-type=\"widget\" data-widget_type=\"button.default\">\n\t\t\t\t<div class=\"elementor-widget-container\">\n\t\t\t\t\t\t\t\t\t<div class=\"elementor-button-wrapper\">\n\t\t\t\t\t<a class=\"elementor-button elementor-button-link elementor-size-sm\" href=\"https:\/\/oscspirits.com\/christmas-calendar\/\">\n\t\t\t\t\t\t<span class=\"elementor-button-content-wrapper\">\n\t\t\t\t\t\t\t\t\t<span class=\"elementor-button-text\">Mehr Info<\/span>\n\t\t\t\t\t<\/span>\n\t\t\t\t\t<\/a>\n\t\t\t\t<\/div>\n\t\t\t\t\t\t\t\t<\/div>\n\t\t\t\t<\/div>\n\t\t\t\t\t<\/div>\n\t\t<\/div>\n\t\t\t\t<div class=\"elementor-column elementor-col-50 elementor-top-column elementor-element elementor-element-6485c86\" data-id=\"6485c86\" data-element_type=\"column\" data-e-type=\"column\">\n\t\t\t<div class=\"elementor-widget-wrap\">\n\t\t\t\t\t\t\t<\/div>\n\t\t<\/div>\n\t\t\t\t\t<\/div>\n\t\t<\/section>\n\t\t\t\t<\/div>\n\t\t","protected":false},"excerpt":{"rendered":"<p>Regeln und Bedingungen Regeln und Bedingungen Holen Sie sich weitere Informationen \u00fcber Ihre Wettbewerbsregeln und -bedingungen. Regeln und Bedingungen 1. Newsletter Wenn Sie sich f\u00fcr unseren Newsletter anmelden, senden wir Ihnen elektronisches Marketingmaterial per E-Mail oder \u00fcber soziale Medien. Sie stimmen ferner zu, dass wir Ihre personenbezogenen Daten in Form von Name und E-Mail verarbeiten [&hellip;]<\/p>\n","protected":false},"author":1,"featured_media":0,"parent":0,"menu_order":3,"comment_status":"closed","ping_status":"closed","template":"elementor_header_footer","meta":{"_acf_changed":false,"footnotes":""},"class_list":["post-21252","page","type-page","status-publish","hentry"],"acf":[],"yoast_head":"<!-- This site is optimized with the Yoast SEO plugin v27.2 - https:\/\/yoast.com\/product\/yoast-seo-wordpress\/ -->\n<title>Competition rules and conditions - Old Spirits Company<\/title>\n<meta name=\"robots\" content=\"index, follow, max-snippet:-1, max-image-preview:large, max-video-preview:-1\" \/>\n<link rel=\"canonical\" href=\"https:\/\/oscspirits.com\/de\/competition-rules-and-conditions\/\" \/>\n<meta property=\"og:locale\" content=\"de_DE\" \/>\n<meta property=\"og:type\" content=\"article\" \/>\n<meta property=\"og:title\" content=\"Competition rules and conditions - Old Spirits Company\" \/>\n<meta property=\"og:description\" content=\"Regeln und Bedingungen Regeln und Bedingungen Holen Sie sich weitere Informationen \u00fcber Ihre Wettbewerbsregeln und -bedingungen. Regeln und Bedingungen 1. Newsletter Wenn Sie sich f\u00fcr unseren Newsletter anmelden, senden wir Ihnen elektronisches Marketingmaterial per E-Mail oder \u00fcber soziale Medien. Sie stimmen ferner zu, dass wir Ihre personenbezogenen Daten in Form von Name und E-Mail verarbeiten [&hellip;]\" \/>\n<meta property=\"og:url\" content=\"https:\/\/oscspirits.com\/de\/competition-rules-and-conditions\/\" \/>\n<meta property=\"og:site_name\" content=\"Old Spirits Company\" \/>\n<meta property=\"article:modified_time\" content=\"2025-05-30T11:50:00+00:00\" \/>\n<meta property=\"og:image\" content=\"https:\/\/oldstcroix.com\/wp-content\/uploads\/2021\/12\/mobible_down.png\" \/>\n<meta name=\"twitter:card\" content=\"summary_large_image\" \/>\n<meta name=\"twitter:label1\" content=\"Gesch\u00e4tzte Lesezeit\" \/>\n\t<meta name=\"twitter:data1\" content=\"3\u00a0Minuten\" \/>\n<script type=\"application\/ld+json\" class=\"yoast-schema-graph\">{\"@context\":\"https:\/\/schema.org\",\"@graph\":[{\"@type\":\"WebPage\",\"@id\":\"https:\/\/oscspirits.com\/de\/competition-rules-and-conditions\/\",\"url\":\"https:\/\/oscspirits.com\/de\/competition-rules-and-conditions\/\",\"name\":\"Competition rules and conditions - Old Spirits Company\",\"isPartOf\":{\"@id\":\"https:\/\/oscspirits.com\/de\/#website\"},\"primaryImageOfPage\":{\"@id\":\"https:\/\/oscspirits.com\/de\/competition-rules-and-conditions\/#primaryimage\"},\"image\":{\"@id\":\"https:\/\/oscspirits.com\/de\/competition-rules-and-conditions\/#primaryimage\"},\"thumbnailUrl\":\"https:\/\/oldstcroix.com\/wp-content\/uploads\/2021\/12\/mobible_down.png\",\"datePublished\":\"2022-06-30T18:17:18+00:00\",\"dateModified\":\"2025-05-30T11:50:00+00:00\",\"breadcrumb\":{\"@id\":\"https:\/\/oscspirits.com\/de\/competition-rules-and-conditions\/#breadcrumb\"},\"inLanguage\":\"de\",\"potentialAction\":[{\"@type\":\"ReadAction\",\"target\":[\"https:\/\/oscspirits.com\/de\/competition-rules-and-conditions\/\"]}]},{\"@type\":\"ImageObject\",\"inLanguage\":\"de\",\"@id\":\"https:\/\/oscspirits.com\/de\/competition-rules-and-conditions\/#primaryimage\",\"url\":\"https:\/\/oldstcroix.com\/wp-content\/uploads\/2021\/12\/mobible_down.png\",\"contentUrl\":\"https:\/\/oldstcroix.com\/wp-content\/uploads\/2021\/12\/mobible_down.png\"},{\"@type\":\"BreadcrumbList\",\"@id\":\"https:\/\/oscspirits.com\/de\/competition-rules-and-conditions\/#breadcrumb\",\"itemListElement\":[{\"@type\":\"ListItem\",\"position\":1,\"name\":\"Home\",\"item\":\"https:\/\/oscspirits.com\/de\/\"},{\"@type\":\"ListItem\",\"position\":2,\"name\":\"Competition rules and conditions\"}]},{\"@type\":\"WebSite\",\"@id\":\"https:\/\/oscspirits.com\/de\/#website\",\"url\":\"https:\/\/oscspirits.com\/de\/\",\"name\":\"Old Spirits Company\",\"description\":\"History distilled\",\"publisher\":{\"@id\":\"https:\/\/oscspirits.com\/de\/#organization\"},\"potentialAction\":[{\"@type\":\"SearchAction\",\"target\":{\"@type\":\"EntryPoint\",\"urlTemplate\":\"https:\/\/oscspirits.com\/de\/?s={search_term_string}\"},\"query-input\":{\"@type\":\"PropertyValueSpecification\",\"valueRequired\":true,\"valueName\":\"search_term_string\"}}],\"inLanguage\":\"de\"},{\"@type\":\"Organization\",\"@id\":\"https:\/\/oscspirits.com\/de\/#organization\",\"name\":\"Old Spirits Company\",\"url\":\"https:\/\/oscspirits.com\/de\/\",\"logo\":{\"@type\":\"ImageObject\",\"inLanguage\":\"de\",\"@id\":\"https:\/\/oscspirits.com\/de\/#\/schema\/logo\/image\/\",\"url\":\"https:\/\/oscspirits.com\/wp-content\/uploads\/sites\/7\/2025\/05\/LogoTilLogin.png\",\"contentUrl\":\"https:\/\/oscspirits.com\/wp-content\/uploads\/sites\/7\/2025\/05\/LogoTilLogin.png\",\"width\":262,\"height\":90,\"caption\":\"Old Spirits Company\"},\"image\":{\"@id\":\"https:\/\/oscspirits.com\/de\/#\/schema\/logo\/image\/\"}}]}<\/script>\n<!-- \/ Yoast SEO plugin. -->","yoast_head_json":{"title":"Competition rules and conditions - Old Spirits Company","robots":{"index":"index","follow":"follow","max-snippet":"max-snippet:-1","max-image-preview":"max-image-preview:large","max-video-preview":"max-video-preview:-1"},"canonical":"https:\/\/oscspirits.com\/de\/competition-rules-and-conditions\/","og_locale":"de_DE","og_type":"article","og_title":"Competition rules and conditions - Old Spirits Company","og_description":"Regeln und Bedingungen Regeln und Bedingungen Holen Sie sich weitere Informationen \u00fcber Ihre Wettbewerbsregeln und -bedingungen. Regeln und Bedingungen 1. Newsletter Wenn Sie sich f\u00fcr unseren Newsletter anmelden, senden wir Ihnen elektronisches Marketingmaterial per E-Mail oder \u00fcber soziale Medien. Sie stimmen ferner zu, dass wir Ihre personenbezogenen Daten in Form von Name und E-Mail verarbeiten [&hellip;]","og_url":"https:\/\/oscspirits.com\/de\/competition-rules-and-conditions\/","og_site_name":"Old Spirits Company","article_modified_time":"2025-05-30T11:50:00+00:00","og_image":[{"url":"https:\/\/oldstcroix.com\/wp-content\/uploads\/2021\/12\/mobible_down.png","type":"","width":"","height":""}],"twitter_card":"summary_large_image","twitter_misc":{"Gesch\u00e4tzte Lesezeit":"3\u00a0Minuten"},"schema":{"@context":"https:\/\/schema.org","@graph":[{"@type":"WebPage","@id":"https:\/\/oscspirits.com\/de\/competition-rules-and-conditions\/","url":"https:\/\/oscspirits.com\/de\/competition-rules-and-conditions\/","name":"Competition rules and conditions - Old Spirits Company","isPartOf":{"@id":"https:\/\/oscspirits.com\/de\/#website"},"primaryImageOfPage":{"@id":"https:\/\/oscspirits.com\/de\/competition-rules-and-conditions\/#primaryimage"},"image":{"@id":"https:\/\/oscspirits.com\/de\/competition-rules-and-conditions\/#primaryimage"},"thumbnailUrl":"https:\/\/oldstcroix.com\/wp-content\/uploads\/2021\/12\/mobible_down.png","datePublished":"2022-06-30T18:17:18+00:00","dateModified":"2025-05-30T11:50:00+00:00","breadcrumb":{"@id":"https:\/\/oscspirits.com\/de\/competition-rules-and-conditions\/#breadcrumb"},"inLanguage":"de","potentialAction":[{"@type":"ReadAction","target":["https:\/\/oscspirits.com\/de\/competition-rules-and-conditions\/"]}]},{"@type":"ImageObject","inLanguage":"de","@id":"https:\/\/oscspirits.com\/de\/competition-rules-and-conditions\/#primaryimage","url":"https:\/\/oldstcroix.com\/wp-content\/uploads\/2021\/12\/mobible_down.png","contentUrl":"https:\/\/oldstcroix.com\/wp-content\/uploads\/2021\/12\/mobible_down.png"},{"@type":"BreadcrumbList","@id":"https:\/\/oscspirits.com\/de\/competition-rules-and-conditions\/#breadcrumb","itemListElement":[{"@type":"ListItem","position":1,"name":"Home","item":"https:\/\/oscspirits.com\/de\/"},{"@type":"ListItem","position":2,"name":"Competition rules and conditions"}]},{"@type":"WebSite","@id":"https:\/\/oscspirits.com\/de\/#website","url":"https:\/\/oscspirits.com\/de\/","name":"Old Spirits Company","description":"History distilled","publisher":{"@id":"https:\/\/oscspirits.com\/de\/#organization"},"potentialAction":[{"@type":"SearchAction","target":{"@type":"EntryPoint","urlTemplate":"https:\/\/oscspirits.com\/de\/?s={search_term_string}"},"query-input":{"@type":"PropertyValueSpecification","valueRequired":true,"valueName":"search_term_string"}}],"inLanguage":"de"},{"@type":"Organization","@id":"https:\/\/oscspirits.com\/de\/#organization","name":"Old Spirits Company","url":"https:\/\/oscspirits.com\/de\/","logo":{"@type":"ImageObject","inLanguage":"de","@id":"https:\/\/oscspirits.com\/de\/#\/schema\/logo\/image\/","url":"https:\/\/oscspirits.com\/wp-content\/uploads\/sites\/7\/2025\/05\/LogoTilLogin.png","contentUrl":"https:\/\/oscspirits.com\/wp-content\/uploads\/sites\/7\/2025\/05\/LogoTilLogin.png","width":262,"height":90,"caption":"Old Spirits Company"},"image":{"@id":"https:\/\/oscspirits.com\/de\/#\/schema\/logo\/image\/"}}]}},"_links":{"self":[{"href":"https:\/\/oscspirits.com\/de\/wp-json\/wp\/v2\/pages\/21252","targetHints":{"allow":["GET"]}}],"collection":[{"href":"https:\/\/oscspirits.com\/de\/wp-json\/wp\/v2\/pages"}],"about":[{"href":"https:\/\/oscspirits.com\/de\/wp-json\/wp\/v2\/types\/page"}],"author":[{"embeddable":true,"href":"https:\/\/oscspirits.com\/de\/wp-json\/wp\/v2\/users\/1"}],"replies":[{"embeddable":true,"href":"https:\/\/oscspirits.com\/de\/wp-json\/wp\/v2\/comments?post=21252"}],"version-history":[{"count":0,"href":"https:\/\/oscspirits.com\/de\/wp-json\/wp\/v2\/pages\/21252\/revisions"}],"wp:attachment":[{"href":"https:\/\/oscspirits.com\/de\/wp-json\/wp\/v2\/media?parent=21252"}],"curies":[{"name":"wp","href":"https:\/\/api.w.org\/{rel}","templated":true}]}}