{"id":17289,"date":"2022-04-29T11:56:34","date_gmt":"2022-04-29T11:56:34","guid":{"rendered":"https:\/\/ahriise.rainbowriders.dk\/spirits\/distributors\/"},"modified":"2025-07-28T10:35:02","modified_gmt":"2025-07-28T10:35:02","slug":"distributors","status":"publish","type":"page","link":"https:\/\/oscspirits.com\/de\/distributors\/","title":{"rendered":"Distributors"},"content":{"rendered":"\t\t<div data-elementor-type=\"wp-page\" data-elementor-id=\"17289\" class=\"elementor elementor-17289 elementor-16139\" data-elementor-settings=\"{&quot;ha_cmc_init_switcher&quot;:&quot;no&quot;}\" data-elementor-post-type=\"page\">\n\t\t\t\t\t\t<section class=\"elementor-section elementor-top-section elementor-element elementor-element-7fd69d6 elementor-section-full_width elementor-section-height-min-height elementor-section-items-stretch elementor-section-height-default\" data-id=\"7fd69d6\" data-element_type=\"section\" data-e-type=\"section\" data-settings=\"{&quot;_ha_eqh_enable&quot;:false}\">\n\t\t\t\t\t\t<div class=\"elementor-container elementor-column-gap-default\">\n\t\t\t\t\t<div class=\"elementor-column elementor-col-100 elementor-top-column elementor-element elementor-element-d3a457a\" data-id=\"d3a457a\" data-element_type=\"column\" data-e-type=\"column\">\n\t\t\t<div class=\"elementor-widget-wrap elementor-element-populated\">\n\t\t\t\t\t\t<div class=\"elementor-element elementor-element-2c42c50 elementor-widget elementor-widget-html\" data-id=\"2c42c50\" data-element_type=\"widget\" data-e-type=\"widget\" data-widget_type=\"html.default\">\n\t\t\t\t<div class=\"elementor-widget-container\">\n\t\t\t\t\t<div id=\"distributors-map\"><\/div>\r\n\t\t\t\t<\/div>\n\t\t\t\t<\/div>\n\t\t\t\t\t<\/div>\n\t\t<\/div>\n\t\t\t\t\t<\/div>\n\t\t<\/section>\n\t\t\t\t<section class=\"elementor-section elementor-top-section elementor-element elementor-element-dbfbe2c elementor-section-height-min-height elementor-section-boxed elementor-section-height-default elementor-section-items-middle\" data-id=\"dbfbe2c\" data-element_type=\"section\" data-e-type=\"section\" data-settings=\"{&quot;background_background&quot;:&quot;classic&quot;,&quot;_ha_eqh_enable&quot;:false}\">\n\t\t\t\t\t\t<div class=\"elementor-container elementor-column-gap-default\">\n\t\t\t\t\t<div class=\"elementor-column elementor-col-100 elementor-top-column elementor-element elementor-element-30400af\" data-id=\"30400af\" data-element_type=\"column\" data-e-type=\"column\">\n\t\t\t<div class=\"elementor-widget-wrap elementor-element-populated\">\n\t\t\t\t\t\t<div class=\"elementor-element elementor-element-904952f elementor-widget elementor-widget-html\" data-id=\"904952f\" data-element_type=\"widget\" data-e-type=\"widget\" data-widget_type=\"html.default\">\n\t\t\t\t<div class=\"elementor-widget-container\">\n\t\t\t\t\t<div id=\"distributorsContainer\">\r\n    <div class=\"before-load-distributors\">\r\n        <span><\/span>\r\n    <\/div>\r\n<\/div>\t\t\t\t<\/div>\n\t\t\t\t<\/div>\n\t\t\t\t\t<\/div>\n\t\t<\/div>\n\t\t\t\t\t<\/div>\n\t\t<\/section>\n\t\t\t\t<section class=\"elementor-section elementor-top-section elementor-element elementor-element-0682334 elementor-section-boxed elementor-section-height-default elementor-section-height-default\" data-id=\"0682334\" data-element_type=\"section\" data-e-type=\"section\" data-settings=\"{&quot;background_background&quot;:&quot;classic&quot;,&quot;_ha_eqh_enable&quot;:false}\">\n\t\t\t\t\t\t<div class=\"elementor-container elementor-column-gap-default\">\n\t\t\t\t\t<div class=\"elementor-column elementor-col-100 elementor-top-column elementor-element elementor-element-b51fbc5\" data-id=\"b51fbc5\" data-element_type=\"column\" data-e-type=\"column\" data-settings=\"{&quot;background_background&quot;:&quot;classic&quot;}\">\n\t\t\t<div class=\"elementor-widget-wrap elementor-element-populated\">\n\t\t\t\t\t\t<div class=\"elementor-element elementor-element-5dfa5dd elementor-widget elementor-widget-heading\" data-id=\"5dfa5dd\" data-element_type=\"widget\" data-e-type=\"widget\" data-widget_type=\"heading.default\">\n\t\t\t\t<div class=\"elementor-widget-container\">\n\t\t\t\t\t<h2 class=\"elementor-heading-title elementor-size-default\">AUF DER SUCHE NACH SERI\u00d6SEN PARTNERN<\/h2>\t\t\t\t<\/div>\n\t\t\t\t<\/div>\n\t\t\t\t<div class=\"elementor-element elementor-element-2ba4b18 elementor-widget elementor-widget-heading\" data-id=\"2ba4b18\" data-element_type=\"widget\" data-e-type=\"widget\" data-widget_type=\"heading.default\">\n\t\t\t\t<div class=\"elementor-widget-container\">\n\t\t\t\t\t<h2 class=\"elementor-heading-title elementor-size-default\">VERTRIEBSPARTNER VON OLD ST. CROIX SPIRITS<\/h2>\t\t\t\t<\/div>\n\t\t\t\t<\/div>\n\t\t\t\t<div class=\"elementor-element elementor-element-8ce471f elementor-widget elementor-widget-text-editor\" data-id=\"8ce471f\" data-element_type=\"widget\" data-e-type=\"widget\" data-widget_type=\"text-editor.default\">\n\t\t\t\t<div class=\"elementor-widget-container\">\n\t\t\t\t\t\t\t\t\t<p>Wir erleben ein solides Wachstum und eine steigende Nachfrage nach unseren einzigartigen und gut positionierten Marken. Wir arbeiten derzeit mit Agenten in fast ganz Europa zusammen, w\u00fcrden aber auch gerne mit Ihnen \u00fcber neue M\u00e4rkte und M\u00f6glichkeiten sowie eine m\u00f6gliche Partnerschaft sprechen.<\/p>\n\t\t\t\t\t\t\t\t<\/div>\n\t\t\t\t<\/div>\n\t\t\t\t<div class=\"elementor-element elementor-element-2798e30 elementor-align-left elementor-widget elementor-widget-button\" data-id=\"2798e30\" data-element_type=\"widget\" data-e-type=\"widget\" data-widget_type=\"button.default\">\n\t\t\t\t<div class=\"elementor-widget-container\">\n\t\t\t\t\t\t\t\t\t<div class=\"elementor-button-wrapper\">\n\t\t\t\t\t<a class=\"elementor-button elementor-button-link elementor-size-sm\" href=\"mailto:%20bj@oldstcroix.com?cc=jni@oldstcroix.com&#038;body=Please%20insert%20your%20company%20information%20here:&#038;subject=I%20want%20to%20be%20a%20A.H.%20Riise%20Spirits%20Distributor!\">\n\t\t\t\t\t\t<span class=\"elementor-button-content-wrapper\">\n\t\t\t\t\t\t\t\t\t<span class=\"elementor-button-text\">VERTRIEBSPARTNER WERDEN<\/span>\n\t\t\t\t\t<\/span>\n\t\t\t\t\t<\/a>\n\t\t\t\t<\/div>\n\t\t\t\t\t\t\t\t<\/div>\n\t\t\t\t<\/div>\n\t\t\t\t\t<\/div>\n\t\t<\/div>\n\t\t\t\t\t<\/div>\n\t\t<\/section>\n\t\t\t\t<\/div>\n\t\t","protected":false},"excerpt":{"rendered":"<p>AUF DER SUCHE NACH SERI\u00d6SEN PARTNERN VERTRIEBSPARTNER VON OLD ST. CROIX SPIRITS Wir erleben ein solides Wachstum und eine steigende Nachfrage nach unseren einzigartigen und gut positionierten Marken. Wir arbeiten derzeit mit Agenten in fast ganz Europa zusammen, w\u00fcrden aber auch gerne mit Ihnen \u00fcber neue M\u00e4rkte und M\u00f6glichkeiten sowie eine m\u00f6gliche Partnerschaft sprechen. VERTRIEBSPARTNER [&hellip;]<\/p>\n","protected":false},"author":1,"featured_media":0,"parent":0,"menu_order":7,"comment_status":"closed","ping_status":"closed","template":"","meta":{"_acf_changed":false,"footnotes":""},"class_list":["post-17289","page","type-page","status-publish","hentry"],"acf":[],"yoast_head":"<!-- This site is optimized with the Yoast SEO plugin v27.2 - https:\/\/yoast.com\/product\/yoast-seo-wordpress\/ -->\n<title>Distributors - Old Spirits Company<\/title>\n<meta name=\"robots\" content=\"index, follow, max-snippet:-1, max-image-preview:large, max-video-preview:-1\" \/>\n<link rel=\"canonical\" href=\"https:\/\/oscspirits.com\/de\/distributors\/\" \/>\n<meta property=\"og:locale\" content=\"de_DE\" \/>\n<meta property=\"og:type\" content=\"article\" \/>\n<meta property=\"og:title\" content=\"Distributors - Old Spirits Company\" \/>\n<meta property=\"og:description\" content=\"AUF DER SUCHE NACH SERI\u00d6SEN PARTNERN VERTRIEBSPARTNER VON OLD ST. CROIX SPIRITS Wir erleben ein solides Wachstum und eine steigende Nachfrage nach unseren einzigartigen und gut positionierten Marken. Wir arbeiten derzeit mit Agenten in fast ganz Europa zusammen, w\u00fcrden aber auch gerne mit Ihnen \u00fcber neue M\u00e4rkte und M\u00f6glichkeiten sowie eine m\u00f6gliche Partnerschaft sprechen. VERTRIEBSPARTNER [&hellip;]\" \/>\n<meta property=\"og:url\" content=\"https:\/\/oscspirits.com\/de\/distributors\/\" \/>\n<meta property=\"og:site_name\" content=\"Old Spirits Company\" \/>\n<meta property=\"article:modified_time\" content=\"2025-07-28T10:35:02+00:00\" \/>\n<meta name=\"twitter:card\" content=\"summary_large_image\" \/>\n<script type=\"application\/ld+json\" class=\"yoast-schema-graph\">{\"@context\":\"https:\/\/schema.org\",\"@graph\":[{\"@type\":\"WebPage\",\"@id\":\"https:\/\/oscspirits.com\/de\/distributors\/\",\"url\":\"https:\/\/oscspirits.com\/de\/distributors\/\",\"name\":\"Distributors - Old Spirits Company\",\"isPartOf\":{\"@id\":\"https:\/\/oscspirits.com\/de\/#website\"},\"datePublished\":\"2022-04-29T11:56:34+00:00\",\"dateModified\":\"2025-07-28T10:35:02+00:00\",\"breadcrumb\":{\"@id\":\"https:\/\/oscspirits.com\/de\/distributors\/#breadcrumb\"},\"inLanguage\":\"de\",\"potentialAction\":[{\"@type\":\"ReadAction\",\"target\":[\"https:\/\/oscspirits.com\/de\/distributors\/\"]}]},{\"@type\":\"BreadcrumbList\",\"@id\":\"https:\/\/oscspirits.com\/de\/distributors\/#breadcrumb\",\"itemListElement\":[{\"@type\":\"ListItem\",\"position\":1,\"name\":\"Home\",\"item\":\"https:\/\/oscspirits.com\/de\/\"},{\"@type\":\"ListItem\",\"position\":2,\"name\":\"Distributors\"}]},{\"@type\":\"WebSite\",\"@id\":\"https:\/\/oscspirits.com\/de\/#website\",\"url\":\"https:\/\/oscspirits.com\/de\/\",\"name\":\"Old Spirits Company\",\"description\":\"History distilled\",\"publisher\":{\"@id\":\"https:\/\/oscspirits.com\/de\/#organization\"},\"potentialAction\":[{\"@type\":\"SearchAction\",\"target\":{\"@type\":\"EntryPoint\",\"urlTemplate\":\"https:\/\/oscspirits.com\/de\/?s={search_term_string}\"},\"query-input\":{\"@type\":\"PropertyValueSpecification\",\"valueRequired\":true,\"valueName\":\"search_term_string\"}}],\"inLanguage\":\"de\"},{\"@type\":\"Organization\",\"@id\":\"https:\/\/oscspirits.com\/de\/#organization\",\"name\":\"Old Spirits Company\",\"url\":\"https:\/\/oscspirits.com\/de\/\",\"logo\":{\"@type\":\"ImageObject\",\"inLanguage\":\"de\",\"@id\":\"https:\/\/oscspirits.com\/de\/#\/schema\/logo\/image\/\",\"url\":\"https:\/\/oscspirits.com\/wp-content\/uploads\/sites\/7\/2025\/05\/LogoTilLogin.png\",\"contentUrl\":\"https:\/\/oscspirits.com\/wp-content\/uploads\/sites\/7\/2025\/05\/LogoTilLogin.png\",\"width\":262,\"height\":90,\"caption\":\"Old Spirits Company\"},\"image\":{\"@id\":\"https:\/\/oscspirits.com\/de\/#\/schema\/logo\/image\/\"}}]}<\/script>\n<!-- \/ Yoast SEO plugin. -->","yoast_head_json":{"title":"Distributors - Old Spirits Company","robots":{"index":"index","follow":"follow","max-snippet":"max-snippet:-1","max-image-preview":"max-image-preview:large","max-video-preview":"max-video-preview:-1"},"canonical":"https:\/\/oscspirits.com\/de\/distributors\/","og_locale":"de_DE","og_type":"article","og_title":"Distributors - Old Spirits Company","og_description":"AUF DER SUCHE NACH SERI\u00d6SEN PARTNERN VERTRIEBSPARTNER VON OLD ST. CROIX SPIRITS Wir erleben ein solides Wachstum und eine steigende Nachfrage nach unseren einzigartigen und gut positionierten Marken. Wir arbeiten derzeit mit Agenten in fast ganz Europa zusammen, w\u00fcrden aber auch gerne mit Ihnen \u00fcber neue M\u00e4rkte und M\u00f6glichkeiten sowie eine m\u00f6gliche Partnerschaft sprechen. VERTRIEBSPARTNER [&hellip;]","og_url":"https:\/\/oscspirits.com\/de\/distributors\/","og_site_name":"Old Spirits Company","article_modified_time":"2025-07-28T10:35:02+00:00","twitter_card":"summary_large_image","schema":{"@context":"https:\/\/schema.org","@graph":[{"@type":"WebPage","@id":"https:\/\/oscspirits.com\/de\/distributors\/","url":"https:\/\/oscspirits.com\/de\/distributors\/","name":"Distributors - Old Spirits Company","isPartOf":{"@id":"https:\/\/oscspirits.com\/de\/#website"},"datePublished":"2022-04-29T11:56:34+00:00","dateModified":"2025-07-28T10:35:02+00:00","breadcrumb":{"@id":"https:\/\/oscspirits.com\/de\/distributors\/#breadcrumb"},"inLanguage":"de","potentialAction":[{"@type":"ReadAction","target":["https:\/\/oscspirits.com\/de\/distributors\/"]}]},{"@type":"BreadcrumbList","@id":"https:\/\/oscspirits.com\/de\/distributors\/#breadcrumb","itemListElement":[{"@type":"ListItem","position":1,"name":"Home","item":"https:\/\/oscspirits.com\/de\/"},{"@type":"ListItem","position":2,"name":"Distributors"}]},{"@type":"WebSite","@id":"https:\/\/oscspirits.com\/de\/#website","url":"https:\/\/oscspirits.com\/de\/","name":"Old Spirits Company","description":"History distilled","publisher":{"@id":"https:\/\/oscspirits.com\/de\/#organization"},"potentialAction":[{"@type":"SearchAction","target":{"@type":"EntryPoint","urlTemplate":"https:\/\/oscspirits.com\/de\/?s={search_term_string}"},"query-input":{"@type":"PropertyValueSpecification","valueRequired":true,"valueName":"search_term_string"}}],"inLanguage":"de"},{"@type":"Organization","@id":"https:\/\/oscspirits.com\/de\/#organization","name":"Old Spirits Company","url":"https:\/\/oscspirits.com\/de\/","logo":{"@type":"ImageObject","inLanguage":"de","@id":"https:\/\/oscspirits.com\/de\/#\/schema\/logo\/image\/","url":"https:\/\/oscspirits.com\/wp-content\/uploads\/sites\/7\/2025\/05\/LogoTilLogin.png","contentUrl":"https:\/\/oscspirits.com\/wp-content\/uploads\/sites\/7\/2025\/05\/LogoTilLogin.png","width":262,"height":90,"caption":"Old Spirits Company"},"image":{"@id":"https:\/\/oscspirits.com\/de\/#\/schema\/logo\/image\/"}}]}},"_links":{"self":[{"href":"https:\/\/oscspirits.com\/de\/wp-json\/wp\/v2\/pages\/17289","targetHints":{"allow":["GET"]}}],"collection":[{"href":"https:\/\/oscspirits.com\/de\/wp-json\/wp\/v2\/pages"}],"about":[{"href":"https:\/\/oscspirits.com\/de\/wp-json\/wp\/v2\/types\/page"}],"author":[{"embeddable":true,"href":"https:\/\/oscspirits.com\/de\/wp-json\/wp\/v2\/users\/1"}],"replies":[{"embeddable":true,"href":"https:\/\/oscspirits.com\/de\/wp-json\/wp\/v2\/comments?post=17289"}],"version-history":[{"count":0,"href":"https:\/\/oscspirits.com\/de\/wp-json\/wp\/v2\/pages\/17289\/revisions"}],"wp:attachment":[{"href":"https:\/\/oscspirits.com\/de\/wp-json\/wp\/v2\/media?parent=17289"}],"curies":[{"name":"wp","href":"https:\/\/api.w.org\/{rel}","templated":true}]}}