{"id":21250,"date":"2022-06-30T18:15:39","date_gmt":"2022-06-30T18:15:39","guid":{"rendered":"https:\/\/ahriise.rainbowriders.dk\/spirits\/competition-rules-and-conditions\/"},"modified":"2025-05-30T11:50:56","modified_gmt":"2025-05-30T11:50:56","slug":"competition-rules-and-conditions","status":"publish","type":"page","link":"https:\/\/oscspirits.com\/da\/competition-rules-and-conditions\/","title":{"rendered":"Competition rules and conditions"},"content":{"rendered":"\t\t<div data-elementor-type=\"wp-page\" data-elementor-id=\"21250\" class=\"elementor elementor-21250 elementor-21232\" data-elementor-settings=\"{&quot;ha_cmc_init_switcher&quot;:&quot;no&quot;}\" data-elementor-post-type=\"page\">\n\t\t\t\t\t\t<section class=\"elementor-section elementor-top-section elementor-element elementor-element-59f3fb0 elementor-section-height-min-height elementor-section-items-bottom elementor-section-boxed elementor-section-height-default\" data-id=\"59f3fb0\" data-element_type=\"section\" data-e-type=\"section\" data-settings=\"{&quot;background_background&quot;:&quot;classic&quot;,&quot;_ha_eqh_enable&quot;:false}\">\n\t\t\t\t\t\t<div class=\"elementor-container elementor-column-gap-default\">\n\t\t\t\t\t<div class=\"elementor-column elementor-col-50 elementor-top-column elementor-element elementor-element-0609ef3\" data-id=\"0609ef3\" data-element_type=\"column\" data-e-type=\"column\">\n\t\t\t<div class=\"elementor-widget-wrap elementor-element-populated\">\n\t\t\t\t\t\t<div class=\"elementor-element elementor-element-bc1753c elementor-widget elementor-widget-heading\" data-id=\"bc1753c\" data-element_type=\"widget\" data-e-type=\"widget\" data-widget_type=\"heading.default\">\n\t\t\t\t<div class=\"elementor-widget-container\">\n\t\t\t\t\t<h2 class=\"elementor-heading-title elementor-size-default\"> Konkurrenceregler og vilk\u00e5r<\/h2>\t\t\t\t<\/div>\n\t\t\t\t<\/div>\n\t\t\t\t<div class=\"elementor-element elementor-element-43369df elementor-widget elementor-widget-heading\" data-id=\"43369df\" data-element_type=\"widget\" data-e-type=\"widget\" data-widget_type=\"heading.default\">\n\t\t\t\t<div class=\"elementor-widget-container\">\n\t\t\t\t\t<h2 class=\"elementor-heading-title elementor-size-default\">P\u00e5 denne side kan du l\u00e6se n\u00e6rmere om vores konkurrenceregler og vilk\u00e5r.<\/h2>\t\t\t\t<\/div>\n\t\t\t\t<\/div>\n\t\t\t\t\t<\/div>\n\t\t<\/div>\n\t\t\t\t<div class=\"elementor-column elementor-col-50 elementor-top-column elementor-element elementor-element-46386cb\" data-id=\"46386cb\" data-element_type=\"column\" data-e-type=\"column\">\n\t\t\t<div class=\"elementor-widget-wrap elementor-element-populated\">\n\t\t\t\t\t\t<div class=\"elementor-element elementor-element-1cbc180 elementor-absolute elementor-hidden-tablet elementor-hidden-mobile elementor-widget__width-auto elementor-align-center elementor-widget elementor-widget-lottie\" data-id=\"1cbc180\" data-element_type=\"widget\" data-e-type=\"widget\" data-settings=\"{&quot;source_json&quot;:{&quot;url&quot;:&quot;https:\\\/\\\/oldstcroix.com\\\/wp-content\\\/uploads\\\/2021\\\/10\\\/5944-scroll-down.json&quot;,&quot;id&quot;:2199,&quot;size&quot;:&quot;&quot;,&quot;alt&quot;:&quot;&quot;,&quot;source&quot;:&quot;library&quot;},&quot;loop&quot;:&quot;yes&quot;,&quot;_position&quot;:&quot;absolute&quot;,&quot;source&quot;:&quot;media_file&quot;,&quot;caption_source&quot;:&quot;none&quot;,&quot;link_to&quot;:&quot;none&quot;,&quot;trigger&quot;:&quot;arriving_to_viewport&quot;,&quot;viewport&quot;:{&quot;unit&quot;:&quot;%&quot;,&quot;size&quot;:&quot;&quot;,&quot;sizes&quot;:{&quot;start&quot;:0,&quot;end&quot;:100}},&quot;play_speed&quot;:{&quot;unit&quot;:&quot;px&quot;,&quot;size&quot;:1,&quot;sizes&quot;:[]},&quot;start_point&quot;:{&quot;unit&quot;:&quot;%&quot;,&quot;size&quot;:0,&quot;sizes&quot;:[]},&quot;end_point&quot;:{&quot;unit&quot;:&quot;%&quot;,&quot;size&quot;:100,&quot;sizes&quot;:[]},&quot;renderer&quot;:&quot;svg&quot;}\" data-widget_type=\"lottie.default\">\n\t\t\t\t<div class=\"elementor-widget-container\">\n\t\t\t\t\t<div class=\"e-lottie__container\"><div class=\"e-lottie__animation\"><\/div><\/div>\t\t\t\t<\/div>\n\t\t\t\t<\/div>\n\t\t\t\t<div class=\"elementor-element elementor-element-de25e30 elementor-widget-mobile__width-inherit elementor-absolute elementor-hidden-desktop elementor-hidden-tablet elementor-widget elementor-widget-image\" data-id=\"de25e30\" data-element_type=\"widget\" data-e-type=\"widget\" data-settings=\"{&quot;_position&quot;:&quot;absolute&quot;}\" data-widget_type=\"image.default\">\n\t\t\t\t<div class=\"elementor-widget-container\">\n\t\t\t\t\t\t\t\t\t\t\t\t\t\t\t<img decoding=\"async\" src=\"https:\/\/oldstcroix.com\/wp-content\/uploads\/2021\/12\/mobible_down.png\" title=\"\" alt=\"\" loading=\"lazy\" \/>\t\t\t\t\t\t\t\t\t\t\t\t\t\t\t<\/div>\n\t\t\t\t<\/div>\n\t\t\t\t\t<\/div>\n\t\t<\/div>\n\t\t\t\t\t<\/div>\n\t\t<\/section>\n\t\t\t\t<section class=\"elementor-section elementor-top-section elementor-element elementor-element-6309b54 elementor-section-boxed elementor-section-height-default elementor-section-height-default\" data-id=\"6309b54\" data-element_type=\"section\" data-e-type=\"section\" data-settings=\"{&quot;_ha_eqh_enable&quot;:false}\">\n\t\t\t\t\t\t<div class=\"elementor-container elementor-column-gap-default\">\n\t\t\t\t\t<div class=\"elementor-column elementor-col-100 elementor-top-column elementor-element elementor-element-3229281\" data-id=\"3229281\" data-element_type=\"column\" data-e-type=\"column\">\n\t\t\t<div class=\"elementor-widget-wrap elementor-element-populated\">\n\t\t\t\t\t\t<section class=\"elementor-section elementor-inner-section elementor-element elementor-element-1eca892 elementor-section-boxed elementor-section-height-default elementor-section-height-default\" data-id=\"1eca892\" data-element_type=\"section\" data-e-type=\"section\" data-settings=\"{&quot;background_background&quot;:&quot;classic&quot;,&quot;_ha_eqh_enable&quot;:false}\">\n\t\t\t\t\t\t\t<div class=\"elementor-background-overlay\"><\/div>\n\t\t\t\t\t\t\t<div class=\"elementor-container elementor-column-gap-default\">\n\t\t\t\t\t<div class=\"elementor-column elementor-col-100 elementor-inner-column elementor-element elementor-element-16b8534\" data-id=\"16b8534\" data-element_type=\"column\" data-e-type=\"column\">\n\t\t\t<div class=\"elementor-widget-wrap elementor-element-populated\">\n\t\t\t\t\t\t<div class=\"elementor-element elementor-element-38e7e9f elementor-widget elementor-widget-heading\" data-id=\"38e7e9f\" data-element_type=\"widget\" data-e-type=\"widget\" data-widget_type=\"heading.default\">\n\t\t\t\t<div class=\"elementor-widget-container\">\n\t\t\t\t\t<h2 class=\"elementor-heading-title elementor-size-default\">Regler og vilk\u00e5r<\/h2>\t\t\t\t<\/div>\n\t\t\t\t<\/div>\n\t\t\t\t<div class=\"elementor-element elementor-element-d2d9ae4 elementor-widget elementor-widget-text-editor\" data-id=\"d2d9ae4\" data-element_type=\"widget\" data-e-type=\"widget\" data-widget_type=\"text-editor.default\">\n\t\t\t\t<div class=\"elementor-widget-container\">\n\t\t\t\t\t\t\t\t\t<p><strong>1. Nyhedsbrev<\/strong><\/p>\n<p>N\u00e5r du tilmelder dig vores nyhedsbrev, accepterer du samtidig at vi m\u00e5 sende dig elektronisk markedsf\u00f8ring i form af e-mail og sociale medier.<\/p>\n<p>Du accepterer endvidere at vi m\u00e5 behandle dine personoplysninger i form af navn og e-mail for at kunne sende dig information samt tilbud om Old St. Croix Spirits produkter. Du kan l\u00e6se n\u00e6rmere om behandling af personoplysninger i vores privatlivspolitik samt vores cookiepolitik.<\/p>\n<p>Du kan til enhver tid afmelde dig fra at modtage nyhedsbreve. Det kan du g\u00f8re ved at f\u00f8lge instruksen i det senest modtagne nyhedsbrev eller ved at sende os en e-mail til\u00a0\u00a0<a href=\"mailto:info@oscspirits.com\">info@oscspirits.com<\/a>.<\/p>\n<p><strong>2. Generelle betingelser og vilk\u00e5r for konkurrencen<\/strong><\/p>\n<p>Udbyderen af konkurrencerne er Old St. Croix Spirits ApS, A. P. M\u00f8llers Alle 9C, 2791 Drag\u00f8r.<\/p>\n<p>Ved deltagelse i en konkurrence eller et event hos Old St. Croix Spirits er man indforst\u00e5et med konkurrencereglerne.<\/p>\n<p>For at kunne deltage i vores konkurrencer, skal man v\u00e6re fyldt 18 \u00e5r. Old St. Croix Spirits forbeholder sig retten til at kontrollere alderen p\u00e5 vinderen og frasortere deltagere under 18 \u00e5r.<\/p>\n<p>Medmindre der er tilkendegivet andet, er konkurrencerne gratis og hver enkelt person kan kun deltage \u00e9n gang. Fors\u00f8g p\u00e5 snyd vil medf\u00f8re udelukkelse af konkurrencen.<\/p>\n<p>Konkurrencerne har til form\u00e5l at v\u00e6re underholdende og deltagerne kan ikke rette krav mod Old St. Croix Spirits.<\/p>\n<p>Det kan bestemmes, at deltagelse i en bestemt konkurrence kan begr\u00e6nses ved en bestemt form for tilmelding eller i et bestemt forum som f.eks. p\u00e5 hjemmesiden, p\u00e5 et bestemt socialt medie eller lign.<\/p>\n<p>Det er deltagerens eget ansvar at tilmeldingen kommer frem rettidigt. Tilmelding modtaget efter sidste tilmeldingsfrist, vil ikke blive taget i betragtning. Det er alene Old St. Croix Spirits der afg\u00f8r om tilmeldingen er modtaget rettidigt.<\/p>\n<p>Vinderen kontaktes direkte. Old St. Croix Spirits forbeholder sig ret til at offentligg\u00f8re vinderen af konkurrencen p\u00e5 hjemmesiden samt sociale medier uden nogen form for vederlag. S\u00e5fremt pr\u00e6mien ikke afhentes senest 2 uger efter besked om at den er vundet, forbliver pr\u00e6mien Old St. Croix Spirits ejendom og en ny vinder vil blive trukket. Old St. Croix Spirits kan kr\u00e6ve fremvisning af gyldigt billede-ID i forbindelse med afhentning af pr\u00e6mien.<\/p>\n<p>Deltagelse i konkurrencerne er \u00e5ben for alle i Danmark, bortset fra medarbejdere og deres husstand i virksomheder ejet af Old St. Croix Spirits.<\/p>\n<p>Old St. Croix Spirits forbeholder sig retten til at udskifte pr\u00e6mien til et andet produkt med samme v\u00e6rdi s\u00e5fremt der skulle opst\u00e5 problemer med levering af produktet eller lign.<\/p>\n<p>Old St. Croix Spirits forbeholder sig altid retten til at kunne \u00e6ndre, indstille eller uds\u00e6tte en konkurrence (inklusiv alle pr\u00e6mier).<\/p>\n<p><strong>3. Sociale medier<\/strong><\/p>\n<p>Hvis du deltager i vores konkurrencer p\u00e5 de sociale medier s\u00e5som Instagram, Facebook og lign., sker din deltagelse ved afgivelse af \u201dsyntes godt om\u201d eller ved at kommentere et opslag. Din deltagelse kan ogs\u00e5 ske ved tilmelding p\u00e5 en bestemt konkurrenceside.<\/p>\n<p>Konkurrencens l\u00f8betid og oph\u00f8r, vil v\u00e6re oplyst i selve konkurrencens opslag, eller p\u00e5 en separat konkurrenceside.<\/p>\n<p>Vinderen offentligg\u00f8res ved direkte besked samt ved offentligg\u00f8relse p\u00e5 det sociale medie.<\/p>\n<p>Vores konkurrencer p\u00e5 vores hjemmeside eller p\u00e5 de sociale medier, er hverken sponsoreret, st\u00f8ttet eller administreret af de sociale medier s\u00e5som Facebook eller Instagram.<\/p>\n<p><strong>4. Pr\u00e6mier<\/strong><\/p>\n<p>Pr\u00e6mier afsendes til vinderen hurtigst muligt efter endt konkurrence.<\/p>\n<p>Vi tilbyder desv\u00e6rre ikke muligheden for ombytning af pr\u00e6mier til andre varer, gavekort eller kontanter.<\/p>\n<p>Old St. Croix Spirits afholder de lovpligtige pr\u00e6mieafgifter til staten for pr\u00e6mier af v\u00e6rdi over 200 kr. inkl. moms.<\/p>\n<p>Almindelig reklamationsret vil v\u00e6re g\u00e6ldende hvis pr\u00e6mien er underlagt reklamationsreglerne.<\/p>\n<p><strong>5. Generelt<\/strong><\/p>\n<p>S\u00e5fremt du m\u00e5tte have sp\u00f8rgsm\u00e5l eller kommentarer til vores konkurrencer, er du meget velkommen til at kontakte os p\u00e5 e-mail:\u00a0<a href=\"mailto:info@oscspirits.com\">info@oscspirits.com<\/a>.<\/p>\n\t\t\t\t\t\t\t\t<\/div>\n\t\t\t\t<\/div>\n\t\t\t\t\t<\/div>\n\t\t<\/div>\n\t\t\t\t\t<\/div>\n\t\t<\/section>\n\t\t\t\t\t<\/div>\n\t\t<\/div>\n\t\t\t\t\t<\/div>\n\t\t<\/section>\n\t\t\t\t<section class=\"elementor-section elementor-top-section elementor-element elementor-element-f5c4bd5 elementor-section-boxed elementor-section-height-default elementor-section-height-default\" data-id=\"f5c4bd5\" data-element_type=\"section\" data-e-type=\"section\" data-settings=\"{&quot;background_background&quot;:&quot;classic&quot;,&quot;_ha_eqh_enable&quot;:false}\">\n\t\t\t\t\t\t<div class=\"elementor-container elementor-column-gap-default\">\n\t\t\t\t\t<div class=\"elementor-column elementor-col-50 elementor-top-column elementor-element elementor-element-7d6de04\" data-id=\"7d6de04\" data-element_type=\"column\" data-e-type=\"column\">\n\t\t\t<div class=\"elementor-widget-wrap elementor-element-populated\">\n\t\t\t\t\t\t<div class=\"elementor-element elementor-element-62fc29d elementor-widget elementor-widget-heading\" data-id=\"62fc29d\" data-element_type=\"widget\" data-e-type=\"widget\" data-widget_type=\"heading.default\">\n\t\t\t\t<div class=\"elementor-widget-container\">\n\t\t\t\t\t<h2 class=\"elementor-heading-title elementor-size-default\">24 OPLEVELSER<\/h2>\t\t\t\t<\/div>\n\t\t\t\t<\/div>\n\t\t\t\t<div class=\"elementor-element elementor-element-59c9b08 elementor-widget elementor-widget-heading\" data-id=\"59c9b08\" data-element_type=\"widget\" data-e-type=\"widget\" data-widget_type=\"heading.default\">\n\t\t\t\t<div class=\"elementor-widget-container\">\n\t\t\t\t\t<h2 class=\"elementor-heading-title elementor-size-default\">A.H. RIISE HISTORY BOX<\/h2>\t\t\t\t<\/div>\n\t\t\t\t<\/div>\n\t\t\t\t<div class=\"elementor-element elementor-element-e8eb01a elementor-widget elementor-widget-text-editor\" data-id=\"e8eb01a\" data-element_type=\"widget\" data-e-type=\"widget\" data-widget_type=\"text-editor.default\">\n\t\t\t\t<div class=\"elementor-widget-container\">\n\t\t\t\t\t\t\t\t\t<p>Smag dig igennem 24 sp\u00e6ndende varianter, inklusive n\u00e6ste \u00e5rs nyheder! 24 Experiences boksen er et must-have for den kr\u00e6sne rom aficionado.<\/p>\n\t\t\t\t\t\t\t\t<\/div>\n\t\t\t\t<\/div>\n\t\t\t\t<div class=\"elementor-element elementor-element-bbac1a1 elementor-align-left elementor-widget elementor-widget-button\" data-id=\"bbac1a1\" data-element_type=\"widget\" data-e-type=\"widget\" data-widget_type=\"button.default\">\n\t\t\t\t<div class=\"elementor-widget-container\">\n\t\t\t\t\t\t\t\t\t<div class=\"elementor-button-wrapper\">\n\t\t\t\t\t<a class=\"elementor-button elementor-button-link elementor-size-sm\" href=\"https:\/\/oscspirits.com\/christmas-calendar\/\">\n\t\t\t\t\t\t<span class=\"elementor-button-content-wrapper\">\n\t\t\t\t\t\t\t\t\t<span class=\"elementor-button-text\">L\u00e6s mere<\/span>\n\t\t\t\t\t<\/span>\n\t\t\t\t\t<\/a>\n\t\t\t\t<\/div>\n\t\t\t\t\t\t\t\t<\/div>\n\t\t\t\t<\/div>\n\t\t\t\t\t<\/div>\n\t\t<\/div>\n\t\t\t\t<div class=\"elementor-column elementor-col-50 elementor-top-column elementor-element elementor-element-6485c86\" data-id=\"6485c86\" data-element_type=\"column\" data-e-type=\"column\">\n\t\t\t<div class=\"elementor-widget-wrap\">\n\t\t\t\t\t\t\t<\/div>\n\t\t<\/div>\n\t\t\t\t\t<\/div>\n\t\t<\/section>\n\t\t\t\t<\/div>\n\t\t","protected":false},"excerpt":{"rendered":"<p>Konkurrenceregler og vilk\u00e5r P\u00e5 denne side kan du l\u00e6se n\u00e6rmere om vores konkurrenceregler og vilk\u00e5r. Regler og vilk\u00e5r 1. Nyhedsbrev N\u00e5r du tilmelder dig vores nyhedsbrev, accepterer du samtidig at vi m\u00e5 sende dig elektronisk markedsf\u00f8ring i form af e-mail og sociale medier. Du accepterer endvidere at vi m\u00e5 behandle dine personoplysninger i form af [&hellip;]<\/p>\n","protected":false},"author":1,"featured_media":0,"parent":0,"menu_order":3,"comment_status":"closed","ping_status":"closed","template":"elementor_header_footer","meta":{"_acf_changed":false,"footnotes":""},"class_list":["post-21250","page","type-page","status-publish","hentry"],"acf":[],"yoast_head":"<!-- This site is optimized with the Yoast SEO plugin v27.2 - https:\/\/yoast.com\/product\/yoast-seo-wordpress\/ -->\n<title>Competition rules and conditions - Old Spirits Company<\/title>\n<meta name=\"robots\" content=\"index, follow, max-snippet:-1, max-image-preview:large, max-video-preview:-1\" \/>\n<link rel=\"canonical\" href=\"https:\/\/oscspirits.com\/da\/competition-rules-and-conditions\/\" \/>\n<meta property=\"og:locale\" content=\"da_DK\" \/>\n<meta property=\"og:type\" content=\"article\" \/>\n<meta property=\"og:title\" content=\"Competition rules and conditions - Old Spirits Company\" \/>\n<meta property=\"og:description\" content=\"Konkurrenceregler og vilk\u00e5r P\u00e5 denne side kan du l\u00e6se n\u00e6rmere om vores konkurrenceregler og vilk\u00e5r. Regler og vilk\u00e5r 1. Nyhedsbrev N\u00e5r du tilmelder dig vores nyhedsbrev, accepterer du samtidig at vi m\u00e5 sende dig elektronisk markedsf\u00f8ring i form af e-mail og sociale medier. Du accepterer endvidere at vi m\u00e5 behandle dine personoplysninger i form af [&hellip;]\" \/>\n<meta property=\"og:url\" content=\"https:\/\/oscspirits.com\/da\/competition-rules-and-conditions\/\" \/>\n<meta property=\"og:site_name\" content=\"Old Spirits Company\" \/>\n<meta property=\"article:modified_time\" content=\"2025-05-30T11:50:56+00:00\" \/>\n<meta property=\"og:image\" content=\"https:\/\/oldstcroix.com\/wp-content\/uploads\/2021\/12\/mobible_down.png\" \/>\n<meta name=\"twitter:card\" content=\"summary_large_image\" \/>\n<meta name=\"twitter:label1\" content=\"Estimeret l\u00e6setid\" \/>\n\t<meta name=\"twitter:data1\" content=\"4 minutter\" \/>\n<script type=\"application\/ld+json\" class=\"yoast-schema-graph\">{\"@context\":\"https:\/\/schema.org\",\"@graph\":[{\"@type\":\"WebPage\",\"@id\":\"https:\/\/oscspirits.com\/da\/competition-rules-and-conditions\/\",\"url\":\"https:\/\/oscspirits.com\/da\/competition-rules-and-conditions\/\",\"name\":\"Competition rules and conditions - Old Spirits Company\",\"isPartOf\":{\"@id\":\"https:\/\/oscspirits.com\/da\/#website\"},\"primaryImageOfPage\":{\"@id\":\"https:\/\/oscspirits.com\/da\/competition-rules-and-conditions\/#primaryimage\"},\"image\":{\"@id\":\"https:\/\/oscspirits.com\/da\/competition-rules-and-conditions\/#primaryimage\"},\"thumbnailUrl\":\"https:\/\/oldstcroix.com\/wp-content\/uploads\/2021\/12\/mobible_down.png\",\"datePublished\":\"2022-06-30T18:15:39+00:00\",\"dateModified\":\"2025-05-30T11:50:56+00:00\",\"breadcrumb\":{\"@id\":\"https:\/\/oscspirits.com\/da\/competition-rules-and-conditions\/#breadcrumb\"},\"inLanguage\":\"da-DK\",\"potentialAction\":[{\"@type\":\"ReadAction\",\"target\":[\"https:\/\/oscspirits.com\/da\/competition-rules-and-conditions\/\"]}]},{\"@type\":\"ImageObject\",\"inLanguage\":\"da-DK\",\"@id\":\"https:\/\/oscspirits.com\/da\/competition-rules-and-conditions\/#primaryimage\",\"url\":\"https:\/\/oldstcroix.com\/wp-content\/uploads\/2021\/12\/mobible_down.png\",\"contentUrl\":\"https:\/\/oldstcroix.com\/wp-content\/uploads\/2021\/12\/mobible_down.png\"},{\"@type\":\"BreadcrumbList\",\"@id\":\"https:\/\/oscspirits.com\/da\/competition-rules-and-conditions\/#breadcrumb\",\"itemListElement\":[{\"@type\":\"ListItem\",\"position\":1,\"name\":\"Home\",\"item\":\"https:\/\/oscspirits.com\/da\/\"},{\"@type\":\"ListItem\",\"position\":2,\"name\":\"Competition rules and conditions\"}]},{\"@type\":\"WebSite\",\"@id\":\"https:\/\/oscspirits.com\/da\/#website\",\"url\":\"https:\/\/oscspirits.com\/da\/\",\"name\":\"Old Spirits Company\",\"description\":\"History distilled\",\"publisher\":{\"@id\":\"https:\/\/oscspirits.com\/da\/#organization\"},\"potentialAction\":[{\"@type\":\"SearchAction\",\"target\":{\"@type\":\"EntryPoint\",\"urlTemplate\":\"https:\/\/oscspirits.com\/da\/?s={search_term_string}\"},\"query-input\":{\"@type\":\"PropertyValueSpecification\",\"valueRequired\":true,\"valueName\":\"search_term_string\"}}],\"inLanguage\":\"da-DK\"},{\"@type\":\"Organization\",\"@id\":\"https:\/\/oscspirits.com\/da\/#organization\",\"name\":\"Old Spirits Company\",\"url\":\"https:\/\/oscspirits.com\/da\/\",\"logo\":{\"@type\":\"ImageObject\",\"inLanguage\":\"da-DK\",\"@id\":\"https:\/\/oscspirits.com\/da\/#\/schema\/logo\/image\/\",\"url\":\"https:\/\/oscspirits.com\/wp-content\/uploads\/sites\/7\/2025\/05\/LogoTilLogin.png\",\"contentUrl\":\"https:\/\/oscspirits.com\/wp-content\/uploads\/sites\/7\/2025\/05\/LogoTilLogin.png\",\"width\":262,\"height\":90,\"caption\":\"Old Spirits Company\"},\"image\":{\"@id\":\"https:\/\/oscspirits.com\/da\/#\/schema\/logo\/image\/\"}}]}<\/script>\n<!-- \/ Yoast SEO plugin. -->","yoast_head_json":{"title":"Competition rules and conditions - Old Spirits Company","robots":{"index":"index","follow":"follow","max-snippet":"max-snippet:-1","max-image-preview":"max-image-preview:large","max-video-preview":"max-video-preview:-1"},"canonical":"https:\/\/oscspirits.com\/da\/competition-rules-and-conditions\/","og_locale":"da_DK","og_type":"article","og_title":"Competition rules and conditions - Old Spirits Company","og_description":"Konkurrenceregler og vilk\u00e5r P\u00e5 denne side kan du l\u00e6se n\u00e6rmere om vores konkurrenceregler og vilk\u00e5r. Regler og vilk\u00e5r 1. Nyhedsbrev N\u00e5r du tilmelder dig vores nyhedsbrev, accepterer du samtidig at vi m\u00e5 sende dig elektronisk markedsf\u00f8ring i form af e-mail og sociale medier. Du accepterer endvidere at vi m\u00e5 behandle dine personoplysninger i form af [&hellip;]","og_url":"https:\/\/oscspirits.com\/da\/competition-rules-and-conditions\/","og_site_name":"Old Spirits Company","article_modified_time":"2025-05-30T11:50:56+00:00","og_image":[{"url":"https:\/\/oldstcroix.com\/wp-content\/uploads\/2021\/12\/mobible_down.png","type":"","width":"","height":""}],"twitter_card":"summary_large_image","twitter_misc":{"Estimeret l\u00e6setid":"4 minutter"},"schema":{"@context":"https:\/\/schema.org","@graph":[{"@type":"WebPage","@id":"https:\/\/oscspirits.com\/da\/competition-rules-and-conditions\/","url":"https:\/\/oscspirits.com\/da\/competition-rules-and-conditions\/","name":"Competition rules and conditions - Old Spirits Company","isPartOf":{"@id":"https:\/\/oscspirits.com\/da\/#website"},"primaryImageOfPage":{"@id":"https:\/\/oscspirits.com\/da\/competition-rules-and-conditions\/#primaryimage"},"image":{"@id":"https:\/\/oscspirits.com\/da\/competition-rules-and-conditions\/#primaryimage"},"thumbnailUrl":"https:\/\/oldstcroix.com\/wp-content\/uploads\/2021\/12\/mobible_down.png","datePublished":"2022-06-30T18:15:39+00:00","dateModified":"2025-05-30T11:50:56+00:00","breadcrumb":{"@id":"https:\/\/oscspirits.com\/da\/competition-rules-and-conditions\/#breadcrumb"},"inLanguage":"da-DK","potentialAction":[{"@type":"ReadAction","target":["https:\/\/oscspirits.com\/da\/competition-rules-and-conditions\/"]}]},{"@type":"ImageObject","inLanguage":"da-DK","@id":"https:\/\/oscspirits.com\/da\/competition-rules-and-conditions\/#primaryimage","url":"https:\/\/oldstcroix.com\/wp-content\/uploads\/2021\/12\/mobible_down.png","contentUrl":"https:\/\/oldstcroix.com\/wp-content\/uploads\/2021\/12\/mobible_down.png"},{"@type":"BreadcrumbList","@id":"https:\/\/oscspirits.com\/da\/competition-rules-and-conditions\/#breadcrumb","itemListElement":[{"@type":"ListItem","position":1,"name":"Home","item":"https:\/\/oscspirits.com\/da\/"},{"@type":"ListItem","position":2,"name":"Competition rules and conditions"}]},{"@type":"WebSite","@id":"https:\/\/oscspirits.com\/da\/#website","url":"https:\/\/oscspirits.com\/da\/","name":"Old Spirits Company","description":"History distilled","publisher":{"@id":"https:\/\/oscspirits.com\/da\/#organization"},"potentialAction":[{"@type":"SearchAction","target":{"@type":"EntryPoint","urlTemplate":"https:\/\/oscspirits.com\/da\/?s={search_term_string}"},"query-input":{"@type":"PropertyValueSpecification","valueRequired":true,"valueName":"search_term_string"}}],"inLanguage":"da-DK"},{"@type":"Organization","@id":"https:\/\/oscspirits.com\/da\/#organization","name":"Old Spirits Company","url":"https:\/\/oscspirits.com\/da\/","logo":{"@type":"ImageObject","inLanguage":"da-DK","@id":"https:\/\/oscspirits.com\/da\/#\/schema\/logo\/image\/","url":"https:\/\/oscspirits.com\/wp-content\/uploads\/sites\/7\/2025\/05\/LogoTilLogin.png","contentUrl":"https:\/\/oscspirits.com\/wp-content\/uploads\/sites\/7\/2025\/05\/LogoTilLogin.png","width":262,"height":90,"caption":"Old Spirits Company"},"image":{"@id":"https:\/\/oscspirits.com\/da\/#\/schema\/logo\/image\/"}}]}},"_links":{"self":[{"href":"https:\/\/oscspirits.com\/da\/wp-json\/wp\/v2\/pages\/21250","targetHints":{"allow":["GET"]}}],"collection":[{"href":"https:\/\/oscspirits.com\/da\/wp-json\/wp\/v2\/pages"}],"about":[{"href":"https:\/\/oscspirits.com\/da\/wp-json\/wp\/v2\/types\/page"}],"author":[{"embeddable":true,"href":"https:\/\/oscspirits.com\/da\/wp-json\/wp\/v2\/users\/1"}],"replies":[{"embeddable":true,"href":"https:\/\/oscspirits.com\/da\/wp-json\/wp\/v2\/comments?post=21250"}],"version-history":[{"count":0,"href":"https:\/\/oscspirits.com\/da\/wp-json\/wp\/v2\/pages\/21250\/revisions"}],"wp:attachment":[{"href":"https:\/\/oscspirits.com\/da\/wp-json\/wp\/v2\/media?parent=21250"}],"curies":[{"name":"wp","href":"https:\/\/api.w.org\/{rel}","templated":true}]}}