{"id":17563,"date":"2022-05-06T12:30:04","date_gmt":"2022-05-06T12:30:04","guid":{"rendered":"https:\/\/ahriise.rainbowriders.dk\/spirits\/cookie\/"},"modified":"2025-05-30T08:26:19","modified_gmt":"2025-05-30T08:26:19","slug":"cookie","status":"publish","type":"page","link":"https:\/\/oscspirits.com\/da\/cookie\/","title":{"rendered":"Cookie"},"content":{"rendered":"\t\t<div data-elementor-type=\"wp-page\" data-elementor-id=\"17563\" class=\"elementor elementor-17563 elementor-17536\" data-elementor-settings=\"{&quot;ha_cmc_init_switcher&quot;:&quot;no&quot;}\" data-elementor-post-type=\"page\">\n\t\t\t\t\t\t<section class=\"elementor-section elementor-top-section elementor-element elementor-element-59f3fb0 elementor-section-height-min-height elementor-section-items-bottom elementor-section-boxed elementor-section-height-default\" data-id=\"59f3fb0\" data-element_type=\"section\" data-e-type=\"section\" data-settings=\"{&quot;background_background&quot;:&quot;classic&quot;,&quot;_ha_eqh_enable&quot;:false}\">\n\t\t\t\t\t\t<div class=\"elementor-container elementor-column-gap-default\">\n\t\t\t\t\t<div class=\"elementor-column elementor-col-50 elementor-top-column elementor-element elementor-element-0609ef3\" data-id=\"0609ef3\" data-element_type=\"column\" data-e-type=\"column\">\n\t\t\t<div class=\"elementor-widget-wrap elementor-element-populated\">\n\t\t\t\t\t\t<div class=\"elementor-element elementor-element-bc1753c elementor-widget elementor-widget-heading\" data-id=\"bc1753c\" data-element_type=\"widget\" data-e-type=\"widget\" data-widget_type=\"heading.default\">\n\t\t\t\t<div class=\"elementor-widget-container\">\n\t\t\t\t\t<h2 class=\"elementor-heading-title elementor-size-default\">Cookie deklaration<\/h2>\t\t\t\t<\/div>\n\t\t\t\t<\/div>\n\t\t\t\t<div class=\"elementor-element elementor-element-43369df elementor-widget elementor-widget-heading\" data-id=\"43369df\" data-element_type=\"widget\" data-e-type=\"widget\" data-widget_type=\"heading.default\">\n\t\t\t\t<div class=\"elementor-widget-container\">\n\t\t\t\t\t<h2 class=\"elementor-heading-title elementor-size-default\">Vi skaber den perfekte brugeroplevelse<\/h2>\t\t\t\t<\/div>\n\t\t\t\t<\/div>\n\t\t\t\t\t<\/div>\n\t\t<\/div>\n\t\t\t\t<div class=\"elementor-column elementor-col-50 elementor-top-column elementor-element elementor-element-46386cb\" data-id=\"46386cb\" data-element_type=\"column\" data-e-type=\"column\">\n\t\t\t<div class=\"elementor-widget-wrap elementor-element-populated\">\n\t\t\t\t\t\t<div class=\"elementor-element elementor-element-1cbc180 elementor-absolute elementor-hidden-tablet elementor-hidden-mobile elementor-widget__width-auto elementor-align-center elementor-widget elementor-widget-lottie\" data-id=\"1cbc180\" data-element_type=\"widget\" data-e-type=\"widget\" data-settings=\"{&quot;source_json&quot;:{&quot;url&quot;:&quot;https:\\\/\\\/oldstcroix.com\\\/wp-content\\\/uploads\\\/2021\\\/10\\\/5944-scroll-down.json&quot;,&quot;id&quot;:2199,&quot;size&quot;:&quot;&quot;,&quot;alt&quot;:&quot;&quot;,&quot;source&quot;:&quot;library&quot;},&quot;loop&quot;:&quot;yes&quot;,&quot;_position&quot;:&quot;absolute&quot;,&quot;source&quot;:&quot;media_file&quot;,&quot;caption_source&quot;:&quot;none&quot;,&quot;link_to&quot;:&quot;none&quot;,&quot;trigger&quot;:&quot;arriving_to_viewport&quot;,&quot;viewport&quot;:{&quot;unit&quot;:&quot;%&quot;,&quot;size&quot;:&quot;&quot;,&quot;sizes&quot;:{&quot;start&quot;:0,&quot;end&quot;:100}},&quot;play_speed&quot;:{&quot;unit&quot;:&quot;px&quot;,&quot;size&quot;:1,&quot;sizes&quot;:[]},&quot;start_point&quot;:{&quot;unit&quot;:&quot;%&quot;,&quot;size&quot;:0,&quot;sizes&quot;:[]},&quot;end_point&quot;:{&quot;unit&quot;:&quot;%&quot;,&quot;size&quot;:100,&quot;sizes&quot;:[]},&quot;renderer&quot;:&quot;svg&quot;}\" data-widget_type=\"lottie.default\">\n\t\t\t\t<div class=\"elementor-widget-container\">\n\t\t\t\t\t<div class=\"e-lottie__container\"><div class=\"e-lottie__animation\"><\/div><\/div>\t\t\t\t<\/div>\n\t\t\t\t<\/div>\n\t\t\t\t<div class=\"elementor-element elementor-element-de25e30 elementor-widget-mobile__width-inherit elementor-absolute elementor-hidden-desktop elementor-hidden-tablet elementor-widget elementor-widget-image\" data-id=\"de25e30\" data-element_type=\"widget\" data-e-type=\"widget\" data-settings=\"{&quot;_position&quot;:&quot;absolute&quot;}\" data-widget_type=\"image.default\">\n\t\t\t\t<div class=\"elementor-widget-container\">\n\t\t\t\t\t\t\t\t\t\t\t\t\t\t\t<img decoding=\"async\" src=\"https:\/\/oldstcroix.com\/wp-content\/uploads\/2021\/12\/mobible_down.png\" title=\"\" alt=\"\" loading=\"lazy\" \/>\t\t\t\t\t\t\t\t\t\t\t\t\t\t\t<\/div>\n\t\t\t\t<\/div>\n\t\t\t\t\t<\/div>\n\t\t<\/div>\n\t\t\t\t\t<\/div>\n\t\t<\/section>\n\t\t\t\t<section class=\"elementor-section elementor-top-section elementor-element elementor-element-6309b54 elementor-section-boxed elementor-section-height-default elementor-section-height-default\" data-id=\"6309b54\" data-element_type=\"section\" data-e-type=\"section\" data-settings=\"{&quot;_ha_eqh_enable&quot;:false}\">\n\t\t\t\t\t\t<div class=\"elementor-container elementor-column-gap-default\">\n\t\t\t\t\t<div class=\"elementor-column elementor-col-100 elementor-top-column elementor-element elementor-element-3229281\" data-id=\"3229281\" data-element_type=\"column\" data-e-type=\"column\">\n\t\t\t<div class=\"elementor-widget-wrap elementor-element-populated\">\n\t\t\t\t\t\t<section class=\"elementor-section elementor-inner-section elementor-element elementor-element-1eca892 elementor-section-boxed elementor-section-height-default elementor-section-height-default\" data-id=\"1eca892\" data-element_type=\"section\" data-e-type=\"section\" data-settings=\"{&quot;background_background&quot;:&quot;classic&quot;,&quot;_ha_eqh_enable&quot;:false}\">\n\t\t\t\t\t\t\t<div class=\"elementor-background-overlay\"><\/div>\n\t\t\t\t\t\t\t<div class=\"elementor-container elementor-column-gap-default\">\n\t\t\t\t\t<div class=\"elementor-column elementor-col-100 elementor-inner-column elementor-element elementor-element-16b8534\" data-id=\"16b8534\" data-element_type=\"column\" data-e-type=\"column\">\n\t\t\t<div class=\"elementor-widget-wrap elementor-element-populated\">\n\t\t\t\t\t\t<div class=\"elementor-element elementor-element-38e7e9f elementor-widget elementor-widget-heading\" data-id=\"38e7e9f\" data-element_type=\"widget\" data-e-type=\"widget\" data-widget_type=\"heading.default\">\n\t\t\t\t<div class=\"elementor-widget-container\">\n\t\t\t\t\t<h2 class=\"elementor-heading-title elementor-size-default\"><br>Om vores cookies<\/h2>\t\t\t\t<\/div>\n\t\t\t\t<\/div>\n\t\t\t\t<div class=\"elementor-element elementor-element-c286a1d elementor-widget elementor-widget-html\" data-id=\"c286a1d\" data-element_type=\"widget\" data-e-type=\"widget\" data-widget_type=\"html.default\">\n\t\t\t\t<div class=\"elementor-widget-container\">\n\t\t\t\t\t<script id=\"CookieDeclaration\" src=\"https:\/\/consent.cookiebot.com\/eb74c408-3bba-48e2-bead-7b2250a90f05\/cd.js\" type=\"text\/javascript\" async><\/script>\t\t\t\t<\/div>\n\t\t\t\t<\/div>\n\t\t\t\t\t<\/div>\n\t\t<\/div>\n\t\t\t\t\t<\/div>\n\t\t<\/section>\n\t\t\t\t\t<\/div>\n\t\t<\/div>\n\t\t\t\t\t<\/div>\n\t\t<\/section>\n\t\t\t\t<section class=\"elementor-section elementor-top-section elementor-element elementor-element-edb4cc5 elementor-section-boxed elementor-section-height-default elementor-section-height-default\" data-id=\"edb4cc5\" data-element_type=\"section\" data-e-type=\"section\" data-settings=\"{&quot;background_background&quot;:&quot;classic&quot;,&quot;_ha_eqh_enable&quot;:false}\">\n\t\t\t\t\t\t<div class=\"elementor-container elementor-column-gap-default\">\n\t\t\t\t\t<div class=\"elementor-column elementor-col-50 elementor-top-column elementor-element elementor-element-34618cab\" data-id=\"34618cab\" data-element_type=\"column\" data-e-type=\"column\">\n\t\t\t<div class=\"elementor-widget-wrap elementor-element-populated\">\n\t\t\t\t\t\t<div class=\"elementor-element elementor-element-71590aac elementor-widget elementor-widget-heading\" data-id=\"71590aac\" data-element_type=\"widget\" data-e-type=\"widget\" data-widget_type=\"heading.default\">\n\t\t\t\t<div class=\"elementor-widget-container\">\n\t\t\t\t\t<h2 class=\"elementor-heading-title elementor-size-default\">24 oplevelser<\/h2>\t\t\t\t<\/div>\n\t\t\t\t<\/div>\n\t\t\t\t<div class=\"elementor-element elementor-element-316dbf1c elementor-widget elementor-widget-heading\" data-id=\"316dbf1c\" data-element_type=\"widget\" data-e-type=\"widget\" data-widget_type=\"heading.default\">\n\t\t\t\t<div class=\"elementor-widget-container\">\n\t\t\t\t\t<h2 class=\"elementor-heading-title elementor-size-default\">OLD ST. CROIX HISTORY BOX<\/h2>\t\t\t\t<\/div>\n\t\t\t\t<\/div>\n\t\t\t\t<div class=\"elementor-element elementor-element-6d20af80 elementor-widget elementor-widget-text-editor\" data-id=\"6d20af80\" data-element_type=\"widget\" data-e-type=\"widget\" data-widget_type=\"text-editor.default\">\n\t\t\t\t<div class=\"elementor-widget-container\">\n\t\t\t\t\t\t\t\t\t<p>Smag dig igennem 24 sp\u00e6ndende varianter, inklusive n\u00e6ste \u00e5rs nyheder! 24 Experiences boksen er et must-have for den kr\u00e6sne rom aficionado.<\/p>\n\t\t\t\t\t\t\t\t<\/div>\n\t\t\t\t<\/div>\n\t\t\t\t<div class=\"elementor-element elementor-element-725dff69 elementor-align-left elementor-widget elementor-widget-button\" data-id=\"725dff69\" data-element_type=\"widget\" data-e-type=\"widget\" data-widget_type=\"button.default\">\n\t\t\t\t<div class=\"elementor-widget-container\">\n\t\t\t\t\t\t\t\t\t<div class=\"elementor-button-wrapper\">\n\t\t\t\t\t<a class=\"elementor-button elementor-button-link elementor-size-sm\" href=\"https:\/\/oscspirits.com\/da\/christmas-calendar\/\">\n\t\t\t\t\t\t<span class=\"elementor-button-content-wrapper\">\n\t\t\t\t\t\t\t\t\t<span class=\"elementor-button-text\">L\u00e6s mere<\/span>\n\t\t\t\t\t<\/span>\n\t\t\t\t\t<\/a>\n\t\t\t\t<\/div>\n\t\t\t\t\t\t\t\t<\/div>\n\t\t\t\t<\/div>\n\t\t\t\t\t<\/div>\n\t\t<\/div>\n\t\t\t\t<div class=\"elementor-column elementor-col-50 elementor-top-column elementor-element elementor-element-1c403c63\" data-id=\"1c403c63\" data-element_type=\"column\" data-e-type=\"column\">\n\t\t\t<div class=\"elementor-widget-wrap\">\n\t\t\t\t\t\t\t<\/div>\n\t\t<\/div>\n\t\t\t\t\t<\/div>\n\t\t<\/section>\n\t\t\t\t<\/div>\n\t\t","protected":false},"excerpt":{"rendered":"<p>Cookie deklaration Vi skaber den perfekte brugeroplevelse Om vores cookies 24 oplevelser OLD ST. CROIX HISTORY BOX Smag dig igennem 24 sp\u00e6ndende varianter, inklusive n\u00e6ste \u00e5rs nyheder! 24 Experiences boksen er et must-have for den kr\u00e6sne rom aficionado. L\u00e6s mere<\/p>\n","protected":false},"author":1,"featured_media":0,"parent":0,"menu_order":4,"comment_status":"closed","ping_status":"closed","template":"elementor_header_footer","meta":{"_acf_changed":false,"footnotes":""},"class_list":["post-17563","page","type-page","status-publish","hentry"],"acf":[],"yoast_head":"<!-- This site is optimized with the Yoast SEO plugin v27.2 - https:\/\/yoast.com\/product\/yoast-seo-wordpress\/ -->\n<title>Cookie - Old Spirits Company<\/title>\n<meta name=\"robots\" content=\"index, follow, max-snippet:-1, max-image-preview:large, max-video-preview:-1\" \/>\n<link rel=\"canonical\" href=\"https:\/\/oscspirits.com\/da\/cookie\/\" \/>\n<meta property=\"og:locale\" content=\"da_DK\" \/>\n<meta property=\"og:type\" content=\"article\" \/>\n<meta property=\"og:title\" content=\"Cookie - Old Spirits Company\" \/>\n<meta property=\"og:description\" content=\"Cookie deklaration Vi skaber den perfekte brugeroplevelse Om vores cookies 24 oplevelser OLD ST. CROIX HISTORY BOX Smag dig igennem 24 sp\u00e6ndende varianter, inklusive n\u00e6ste \u00e5rs nyheder! 24 Experiences boksen er et must-have for den kr\u00e6sne rom aficionado. L\u00e6s mere\" \/>\n<meta property=\"og:url\" content=\"https:\/\/oscspirits.com\/da\/cookie\/\" \/>\n<meta property=\"og:site_name\" content=\"Old Spirits Company\" \/>\n<meta property=\"article:modified_time\" content=\"2025-05-30T08:26:19+00:00\" \/>\n<meta property=\"og:image\" content=\"https:\/\/oldstcroix.com\/wp-content\/uploads\/2021\/12\/mobible_down.png\" \/>\n<meta name=\"twitter:card\" content=\"summary_large_image\" \/>\n<meta name=\"twitter:label1\" content=\"Estimeret l\u00e6setid\" \/>\n\t<meta name=\"twitter:data1\" content=\"5 minutter\" \/>\n<script type=\"application\/ld+json\" class=\"yoast-schema-graph\">{\"@context\":\"https:\/\/schema.org\",\"@graph\":[{\"@type\":\"WebPage\",\"@id\":\"https:\/\/oscspirits.com\/da\/cookie\/\",\"url\":\"https:\/\/oscspirits.com\/da\/cookie\/\",\"name\":\"Cookie - Old Spirits Company\",\"isPartOf\":{\"@id\":\"https:\/\/oscspirits.com\/da\/#website\"},\"primaryImageOfPage\":{\"@id\":\"https:\/\/oscspirits.com\/da\/cookie\/#primaryimage\"},\"image\":{\"@id\":\"https:\/\/oscspirits.com\/da\/cookie\/#primaryimage\"},\"thumbnailUrl\":\"https:\/\/oldstcroix.com\/wp-content\/uploads\/2021\/12\/mobible_down.png\",\"datePublished\":\"2022-05-06T12:30:04+00:00\",\"dateModified\":\"2025-05-30T08:26:19+00:00\",\"breadcrumb\":{\"@id\":\"https:\/\/oscspirits.com\/da\/cookie\/#breadcrumb\"},\"inLanguage\":\"da-DK\",\"potentialAction\":[{\"@type\":\"ReadAction\",\"target\":[\"https:\/\/oscspirits.com\/da\/cookie\/\"]}]},{\"@type\":\"ImageObject\",\"inLanguage\":\"da-DK\",\"@id\":\"https:\/\/oscspirits.com\/da\/cookie\/#primaryimage\",\"url\":\"https:\/\/oldstcroix.com\/wp-content\/uploads\/2021\/12\/mobible_down.png\",\"contentUrl\":\"https:\/\/oldstcroix.com\/wp-content\/uploads\/2021\/12\/mobible_down.png\"},{\"@type\":\"BreadcrumbList\",\"@id\":\"https:\/\/oscspirits.com\/da\/cookie\/#breadcrumb\",\"itemListElement\":[{\"@type\":\"ListItem\",\"position\":1,\"name\":\"Home\",\"item\":\"https:\/\/oscspirits.com\/da\/\"},{\"@type\":\"ListItem\",\"position\":2,\"name\":\"Cookie\"}]},{\"@type\":\"WebSite\",\"@id\":\"https:\/\/oscspirits.com\/da\/#website\",\"url\":\"https:\/\/oscspirits.com\/da\/\",\"name\":\"Old Spirits Company\",\"description\":\"History distilled\",\"publisher\":{\"@id\":\"https:\/\/oscspirits.com\/da\/#organization\"},\"potentialAction\":[{\"@type\":\"SearchAction\",\"target\":{\"@type\":\"EntryPoint\",\"urlTemplate\":\"https:\/\/oscspirits.com\/da\/?s={search_term_string}\"},\"query-input\":{\"@type\":\"PropertyValueSpecification\",\"valueRequired\":true,\"valueName\":\"search_term_string\"}}],\"inLanguage\":\"da-DK\"},{\"@type\":\"Organization\",\"@id\":\"https:\/\/oscspirits.com\/da\/#organization\",\"name\":\"Old Spirits Company\",\"url\":\"https:\/\/oscspirits.com\/da\/\",\"logo\":{\"@type\":\"ImageObject\",\"inLanguage\":\"da-DK\",\"@id\":\"https:\/\/oscspirits.com\/da\/#\/schema\/logo\/image\/\",\"url\":\"https:\/\/oscspirits.com\/wp-content\/uploads\/sites\/7\/2025\/05\/LogoTilLogin.png\",\"contentUrl\":\"https:\/\/oscspirits.com\/wp-content\/uploads\/sites\/7\/2025\/05\/LogoTilLogin.png\",\"width\":262,\"height\":90,\"caption\":\"Old Spirits Company\"},\"image\":{\"@id\":\"https:\/\/oscspirits.com\/da\/#\/schema\/logo\/image\/\"}}]}<\/script>\n<!-- \/ Yoast SEO plugin. -->","yoast_head_json":{"title":"Cookie - Old Spirits Company","robots":{"index":"index","follow":"follow","max-snippet":"max-snippet:-1","max-image-preview":"max-image-preview:large","max-video-preview":"max-video-preview:-1"},"canonical":"https:\/\/oscspirits.com\/da\/cookie\/","og_locale":"da_DK","og_type":"article","og_title":"Cookie - Old Spirits Company","og_description":"Cookie deklaration Vi skaber den perfekte brugeroplevelse Om vores cookies 24 oplevelser OLD ST. CROIX HISTORY BOX Smag dig igennem 24 sp\u00e6ndende varianter, inklusive n\u00e6ste \u00e5rs nyheder! 24 Experiences boksen er et must-have for den kr\u00e6sne rom aficionado. L\u00e6s mere","og_url":"https:\/\/oscspirits.com\/da\/cookie\/","og_site_name":"Old Spirits Company","article_modified_time":"2025-05-30T08:26:19+00:00","og_image":[{"url":"https:\/\/oldstcroix.com\/wp-content\/uploads\/2021\/12\/mobible_down.png","type":"","width":"","height":""}],"twitter_card":"summary_large_image","twitter_misc":{"Estimeret l\u00e6setid":"5 minutter"},"schema":{"@context":"https:\/\/schema.org","@graph":[{"@type":"WebPage","@id":"https:\/\/oscspirits.com\/da\/cookie\/","url":"https:\/\/oscspirits.com\/da\/cookie\/","name":"Cookie - Old Spirits Company","isPartOf":{"@id":"https:\/\/oscspirits.com\/da\/#website"},"primaryImageOfPage":{"@id":"https:\/\/oscspirits.com\/da\/cookie\/#primaryimage"},"image":{"@id":"https:\/\/oscspirits.com\/da\/cookie\/#primaryimage"},"thumbnailUrl":"https:\/\/oldstcroix.com\/wp-content\/uploads\/2021\/12\/mobible_down.png","datePublished":"2022-05-06T12:30:04+00:00","dateModified":"2025-05-30T08:26:19+00:00","breadcrumb":{"@id":"https:\/\/oscspirits.com\/da\/cookie\/#breadcrumb"},"inLanguage":"da-DK","potentialAction":[{"@type":"ReadAction","target":["https:\/\/oscspirits.com\/da\/cookie\/"]}]},{"@type":"ImageObject","inLanguage":"da-DK","@id":"https:\/\/oscspirits.com\/da\/cookie\/#primaryimage","url":"https:\/\/oldstcroix.com\/wp-content\/uploads\/2021\/12\/mobible_down.png","contentUrl":"https:\/\/oldstcroix.com\/wp-content\/uploads\/2021\/12\/mobible_down.png"},{"@type":"BreadcrumbList","@id":"https:\/\/oscspirits.com\/da\/cookie\/#breadcrumb","itemListElement":[{"@type":"ListItem","position":1,"name":"Home","item":"https:\/\/oscspirits.com\/da\/"},{"@type":"ListItem","position":2,"name":"Cookie"}]},{"@type":"WebSite","@id":"https:\/\/oscspirits.com\/da\/#website","url":"https:\/\/oscspirits.com\/da\/","name":"Old Spirits Company","description":"History distilled","publisher":{"@id":"https:\/\/oscspirits.com\/da\/#organization"},"potentialAction":[{"@type":"SearchAction","target":{"@type":"EntryPoint","urlTemplate":"https:\/\/oscspirits.com\/da\/?s={search_term_string}"},"query-input":{"@type":"PropertyValueSpecification","valueRequired":true,"valueName":"search_term_string"}}],"inLanguage":"da-DK"},{"@type":"Organization","@id":"https:\/\/oscspirits.com\/da\/#organization","name":"Old Spirits Company","url":"https:\/\/oscspirits.com\/da\/","logo":{"@type":"ImageObject","inLanguage":"da-DK","@id":"https:\/\/oscspirits.com\/da\/#\/schema\/logo\/image\/","url":"https:\/\/oscspirits.com\/wp-content\/uploads\/sites\/7\/2025\/05\/LogoTilLogin.png","contentUrl":"https:\/\/oscspirits.com\/wp-content\/uploads\/sites\/7\/2025\/05\/LogoTilLogin.png","width":262,"height":90,"caption":"Old Spirits Company"},"image":{"@id":"https:\/\/oscspirits.com\/da\/#\/schema\/logo\/image\/"}}]}},"_links":{"self":[{"href":"https:\/\/oscspirits.com\/da\/wp-json\/wp\/v2\/pages\/17563","targetHints":{"allow":["GET"]}}],"collection":[{"href":"https:\/\/oscspirits.com\/da\/wp-json\/wp\/v2\/pages"}],"about":[{"href":"https:\/\/oscspirits.com\/da\/wp-json\/wp\/v2\/types\/page"}],"author":[{"embeddable":true,"href":"https:\/\/oscspirits.com\/da\/wp-json\/wp\/v2\/users\/1"}],"replies":[{"embeddable":true,"href":"https:\/\/oscspirits.com\/da\/wp-json\/wp\/v2\/comments?post=17563"}],"version-history":[{"count":0,"href":"https:\/\/oscspirits.com\/da\/wp-json\/wp\/v2\/pages\/17563\/revisions"}],"wp:attachment":[{"href":"https:\/\/oscspirits.com\/da\/wp-json\/wp\/v2\/media?parent=17563"}],"curies":[{"name":"wp","href":"https:\/\/api.w.org\/{rel}","templated":true}]}}