{"id":17287,"date":"2022-04-29T11:56:24","date_gmt":"2022-04-29T11:56:24","guid":{"rendered":"https:\/\/ahriise.rainbowriders.dk\/spirits\/distributors\/"},"modified":"2025-07-28T10:34:24","modified_gmt":"2025-07-28T10:34:24","slug":"distributors","status":"publish","type":"page","link":"https:\/\/oscspirits.com\/da\/distributors\/","title":{"rendered":"Distributors"},"content":{"rendered":"\t\t<div data-elementor-type=\"wp-page\" data-elementor-id=\"17287\" class=\"elementor elementor-17287 elementor-16139\" data-elementor-settings=\"{&quot;ha_cmc_init_switcher&quot;:&quot;no&quot;}\" data-elementor-post-type=\"page\">\n\t\t\t\t\t\t<section class=\"elementor-section elementor-top-section elementor-element elementor-element-7fd69d6 elementor-section-full_width elementor-section-height-min-height elementor-section-items-stretch elementor-section-height-default\" data-id=\"7fd69d6\" data-element_type=\"section\" data-e-type=\"section\" data-settings=\"{&quot;_ha_eqh_enable&quot;:false}\">\n\t\t\t\t\t\t<div class=\"elementor-container elementor-column-gap-default\">\n\t\t\t\t\t<div class=\"elementor-column elementor-col-100 elementor-top-column elementor-element elementor-element-d3a457a\" data-id=\"d3a457a\" data-element_type=\"column\" data-e-type=\"column\">\n\t\t\t<div class=\"elementor-widget-wrap elementor-element-populated\">\n\t\t\t\t\t\t<div class=\"elementor-element elementor-element-2c42c50 elementor-widget elementor-widget-html\" data-id=\"2c42c50\" data-element_type=\"widget\" data-e-type=\"widget\" data-widget_type=\"html.default\">\n\t\t\t\t<div class=\"elementor-widget-container\">\n\t\t\t\t\t<div id=\"distributors-map\"><\/div>\r\n\t\t\t\t<\/div>\n\t\t\t\t<\/div>\n\t\t\t\t\t<\/div>\n\t\t<\/div>\n\t\t\t\t\t<\/div>\n\t\t<\/section>\n\t\t\t\t<section class=\"elementor-section elementor-top-section elementor-element elementor-element-dbfbe2c elementor-section-height-min-height elementor-section-boxed elementor-section-height-default elementor-section-items-middle\" data-id=\"dbfbe2c\" data-element_type=\"section\" data-e-type=\"section\" data-settings=\"{&quot;background_background&quot;:&quot;classic&quot;,&quot;_ha_eqh_enable&quot;:false}\">\n\t\t\t\t\t\t<div class=\"elementor-container elementor-column-gap-default\">\n\t\t\t\t\t<div class=\"elementor-column elementor-col-100 elementor-top-column elementor-element elementor-element-30400af\" data-id=\"30400af\" data-element_type=\"column\" data-e-type=\"column\">\n\t\t\t<div class=\"elementor-widget-wrap elementor-element-populated\">\n\t\t\t\t\t\t<div class=\"elementor-element elementor-element-904952f elementor-widget elementor-widget-html\" data-id=\"904952f\" data-element_type=\"widget\" data-e-type=\"widget\" data-widget_type=\"html.default\">\n\t\t\t\t<div class=\"elementor-widget-container\">\n\t\t\t\t\t<div id=\"distributorsContainer\">\r\n    <div class=\"before-load-distributors\">\r\n        <span><\/span>\r\n    <\/div>\r\n<\/div>\t\t\t\t<\/div>\n\t\t\t\t<\/div>\n\t\t\t\t\t<\/div>\n\t\t<\/div>\n\t\t\t\t\t<\/div>\n\t\t<\/section>\n\t\t\t\t<section class=\"elementor-section elementor-top-section elementor-element elementor-element-0682334 elementor-section-boxed elementor-section-height-default elementor-section-height-default\" data-id=\"0682334\" data-element_type=\"section\" data-e-type=\"section\" data-settings=\"{&quot;background_background&quot;:&quot;classic&quot;,&quot;_ha_eqh_enable&quot;:false}\">\n\t\t\t\t\t\t<div class=\"elementor-container elementor-column-gap-default\">\n\t\t\t\t\t<div class=\"elementor-column elementor-col-100 elementor-top-column elementor-element elementor-element-b51fbc5\" data-id=\"b51fbc5\" data-element_type=\"column\" data-e-type=\"column\" data-settings=\"{&quot;background_background&quot;:&quot;classic&quot;}\">\n\t\t\t<div class=\"elementor-widget-wrap elementor-element-populated\">\n\t\t\t\t\t\t<div class=\"elementor-element elementor-element-5dfa5dd elementor-widget elementor-widget-heading\" data-id=\"5dfa5dd\" data-element_type=\"widget\" data-e-type=\"widget\" data-widget_type=\"heading.default\">\n\t\t\t\t<div class=\"elementor-widget-container\">\n\t\t\t\t\t<h2 class=\"elementor-heading-title elementor-size-default\">SERI\u00d8SE PARTNERE S\u00d8GES<\/h2>\t\t\t\t<\/div>\n\t\t\t\t<\/div>\n\t\t\t\t<div class=\"elementor-element elementor-element-2ba4b18 elementor-widget elementor-widget-heading\" data-id=\"2ba4b18\" data-element_type=\"widget\" data-e-type=\"widget\" data-widget_type=\"heading.default\">\n\t\t\t\t<div class=\"elementor-widget-container\">\n\t\t\t\t\t<h2 class=\"elementor-heading-title elementor-size-default\">BLIV DISTRIBUT\u00d8R AF OLD ST. CROIX SPIRITS' UNIKKE BRANDS<\/h2>\t\t\t\t<\/div>\n\t\t\t\t<\/div>\n\t\t\t\t<div class=\"elementor-element elementor-element-8ce471f elementor-widget elementor-widget-text-editor\" data-id=\"8ce471f\" data-element_type=\"widget\" data-e-type=\"widget\" data-widget_type=\"text-editor.default\">\n\t\t\t\t<div class=\"elementor-widget-container\">\n\t\t\t\t\t\t\t\t\t<p>Vi oplever st\u00e6rk v\u00e6kst og stigende eftersp\u00f8rgsel efter vores unikke og vel-positionerede brands. Vi er godt repr\u00e6senterede i mange lande i Europa, men for den rette partner er vi altid \u00e5bne for en snak om mulighederne for et succesfuldt samarbejde.<\/p>\n\t\t\t\t\t\t\t\t<\/div>\n\t\t\t\t<\/div>\n\t\t\t\t<div class=\"elementor-element elementor-element-2798e30 elementor-align-left elementor-widget elementor-widget-button\" data-id=\"2798e30\" data-element_type=\"widget\" data-e-type=\"widget\" data-widget_type=\"button.default\">\n\t\t\t\t<div class=\"elementor-widget-container\">\n\t\t\t\t\t\t\t\t\t<div class=\"elementor-button-wrapper\">\n\t\t\t\t\t<a class=\"elementor-button elementor-button-link elementor-size-sm\" href=\"mailto:%20bj@oldstcroix.com?cc=jni@oldstcroix.com&#038;body=Please%20insert%20your%20company%20information%20here:&#038;subject=I%20want%20to%20be%20a%20A.H.%20Riise%20Spirits%20Distributor!\">\n\t\t\t\t\t\t<span class=\"elementor-button-content-wrapper\">\n\t\t\t\t\t\t\t\t\t<span class=\"elementor-button-text\">BLIV DISTRIBUT\u00d8R<\/span>\n\t\t\t\t\t<\/span>\n\t\t\t\t\t<\/a>\n\t\t\t\t<\/div>\n\t\t\t\t\t\t\t\t<\/div>\n\t\t\t\t<\/div>\n\t\t\t\t\t<\/div>\n\t\t<\/div>\n\t\t\t\t\t<\/div>\n\t\t<\/section>\n\t\t\t\t<\/div>\n\t\t","protected":false},"excerpt":{"rendered":"<p>SERI\u00d8SE PARTNERE S\u00d8GES BLIV DISTRIBUT\u00d8R AF OLD ST. CROIX SPIRITS&#8217; UNIKKE BRANDS Vi oplever st\u00e6rk v\u00e6kst og stigende eftersp\u00f8rgsel efter vores unikke og vel-positionerede brands. Vi er godt repr\u00e6senterede i mange lande i Europa, men for den rette partner er vi altid \u00e5bne for en snak om mulighederne for et succesfuldt samarbejde. BLIV DISTRIBUT\u00d8R<\/p>\n","protected":false},"author":1,"featured_media":0,"parent":0,"menu_order":7,"comment_status":"closed","ping_status":"closed","template":"","meta":{"_acf_changed":false,"footnotes":""},"class_list":["post-17287","page","type-page","status-publish","hentry"],"acf":[],"yoast_head":"<!-- This site is optimized with the Yoast SEO plugin v27.2 - https:\/\/yoast.com\/product\/yoast-seo-wordpress\/ -->\n<title>Distributors - Old Spirits Company<\/title>\n<meta name=\"robots\" content=\"index, follow, max-snippet:-1, max-image-preview:large, max-video-preview:-1\" \/>\n<link rel=\"canonical\" href=\"https:\/\/oscspirits.com\/da\/distributors\/\" \/>\n<meta property=\"og:locale\" content=\"da_DK\" \/>\n<meta property=\"og:type\" content=\"article\" \/>\n<meta property=\"og:title\" content=\"Distributors - Old Spirits Company\" \/>\n<meta property=\"og:description\" content=\"SERI\u00d8SE PARTNERE S\u00d8GES BLIV DISTRIBUT\u00d8R AF OLD ST. CROIX SPIRITS&#8217; UNIKKE BRANDS Vi oplever st\u00e6rk v\u00e6kst og stigende eftersp\u00f8rgsel efter vores unikke og vel-positionerede brands. Vi er godt repr\u00e6senterede i mange lande i Europa, men for den rette partner er vi altid \u00e5bne for en snak om mulighederne for et succesfuldt samarbejde. BLIV DISTRIBUT\u00d8R\" \/>\n<meta property=\"og:url\" content=\"https:\/\/oscspirits.com\/da\/distributors\/\" \/>\n<meta property=\"og:site_name\" content=\"Old Spirits Company\" \/>\n<meta property=\"article:modified_time\" content=\"2025-07-28T10:34:24+00:00\" \/>\n<meta name=\"twitter:card\" content=\"summary_large_image\" \/>\n<meta name=\"twitter:label1\" content=\"Estimeret l\u00e6setid\" \/>\n\t<meta name=\"twitter:data1\" content=\"1 minut\" \/>\n<script type=\"application\/ld+json\" class=\"yoast-schema-graph\">{\"@context\":\"https:\/\/schema.org\",\"@graph\":[{\"@type\":\"WebPage\",\"@id\":\"https:\/\/oscspirits.com\/da\/distributors\/\",\"url\":\"https:\/\/oscspirits.com\/da\/distributors\/\",\"name\":\"Distributors - Old Spirits Company\",\"isPartOf\":{\"@id\":\"https:\/\/oscspirits.com\/da\/#website\"},\"datePublished\":\"2022-04-29T11:56:24+00:00\",\"dateModified\":\"2025-07-28T10:34:24+00:00\",\"breadcrumb\":{\"@id\":\"https:\/\/oscspirits.com\/da\/distributors\/#breadcrumb\"},\"inLanguage\":\"da-DK\",\"potentialAction\":[{\"@type\":\"ReadAction\",\"target\":[\"https:\/\/oscspirits.com\/da\/distributors\/\"]}]},{\"@type\":\"BreadcrumbList\",\"@id\":\"https:\/\/oscspirits.com\/da\/distributors\/#breadcrumb\",\"itemListElement\":[{\"@type\":\"ListItem\",\"position\":1,\"name\":\"Home\",\"item\":\"https:\/\/oscspirits.com\/da\/\"},{\"@type\":\"ListItem\",\"position\":2,\"name\":\"Distributors\"}]},{\"@type\":\"WebSite\",\"@id\":\"https:\/\/oscspirits.com\/da\/#website\",\"url\":\"https:\/\/oscspirits.com\/da\/\",\"name\":\"Old Spirits Company\",\"description\":\"History distilled\",\"publisher\":{\"@id\":\"https:\/\/oscspirits.com\/da\/#organization\"},\"potentialAction\":[{\"@type\":\"SearchAction\",\"target\":{\"@type\":\"EntryPoint\",\"urlTemplate\":\"https:\/\/oscspirits.com\/da\/?s={search_term_string}\"},\"query-input\":{\"@type\":\"PropertyValueSpecification\",\"valueRequired\":true,\"valueName\":\"search_term_string\"}}],\"inLanguage\":\"da-DK\"},{\"@type\":\"Organization\",\"@id\":\"https:\/\/oscspirits.com\/da\/#organization\",\"name\":\"Old Spirits Company\",\"url\":\"https:\/\/oscspirits.com\/da\/\",\"logo\":{\"@type\":\"ImageObject\",\"inLanguage\":\"da-DK\",\"@id\":\"https:\/\/oscspirits.com\/da\/#\/schema\/logo\/image\/\",\"url\":\"https:\/\/oscspirits.com\/wp-content\/uploads\/sites\/7\/2025\/05\/LogoTilLogin.png\",\"contentUrl\":\"https:\/\/oscspirits.com\/wp-content\/uploads\/sites\/7\/2025\/05\/LogoTilLogin.png\",\"width\":262,\"height\":90,\"caption\":\"Old Spirits Company\"},\"image\":{\"@id\":\"https:\/\/oscspirits.com\/da\/#\/schema\/logo\/image\/\"}}]}<\/script>\n<!-- \/ Yoast SEO plugin. -->","yoast_head_json":{"title":"Distributors - Old Spirits Company","robots":{"index":"index","follow":"follow","max-snippet":"max-snippet:-1","max-image-preview":"max-image-preview:large","max-video-preview":"max-video-preview:-1"},"canonical":"https:\/\/oscspirits.com\/da\/distributors\/","og_locale":"da_DK","og_type":"article","og_title":"Distributors - Old Spirits Company","og_description":"SERI\u00d8SE PARTNERE S\u00d8GES BLIV DISTRIBUT\u00d8R AF OLD ST. CROIX SPIRITS&#8217; UNIKKE BRANDS Vi oplever st\u00e6rk v\u00e6kst og stigende eftersp\u00f8rgsel efter vores unikke og vel-positionerede brands. Vi er godt repr\u00e6senterede i mange lande i Europa, men for den rette partner er vi altid \u00e5bne for en snak om mulighederne for et succesfuldt samarbejde. BLIV DISTRIBUT\u00d8R","og_url":"https:\/\/oscspirits.com\/da\/distributors\/","og_site_name":"Old Spirits Company","article_modified_time":"2025-07-28T10:34:24+00:00","twitter_card":"summary_large_image","twitter_misc":{"Estimeret l\u00e6setid":"1 minut"},"schema":{"@context":"https:\/\/schema.org","@graph":[{"@type":"WebPage","@id":"https:\/\/oscspirits.com\/da\/distributors\/","url":"https:\/\/oscspirits.com\/da\/distributors\/","name":"Distributors - Old Spirits Company","isPartOf":{"@id":"https:\/\/oscspirits.com\/da\/#website"},"datePublished":"2022-04-29T11:56:24+00:00","dateModified":"2025-07-28T10:34:24+00:00","breadcrumb":{"@id":"https:\/\/oscspirits.com\/da\/distributors\/#breadcrumb"},"inLanguage":"da-DK","potentialAction":[{"@type":"ReadAction","target":["https:\/\/oscspirits.com\/da\/distributors\/"]}]},{"@type":"BreadcrumbList","@id":"https:\/\/oscspirits.com\/da\/distributors\/#breadcrumb","itemListElement":[{"@type":"ListItem","position":1,"name":"Home","item":"https:\/\/oscspirits.com\/da\/"},{"@type":"ListItem","position":2,"name":"Distributors"}]},{"@type":"WebSite","@id":"https:\/\/oscspirits.com\/da\/#website","url":"https:\/\/oscspirits.com\/da\/","name":"Old Spirits Company","description":"History distilled","publisher":{"@id":"https:\/\/oscspirits.com\/da\/#organization"},"potentialAction":[{"@type":"SearchAction","target":{"@type":"EntryPoint","urlTemplate":"https:\/\/oscspirits.com\/da\/?s={search_term_string}"},"query-input":{"@type":"PropertyValueSpecification","valueRequired":true,"valueName":"search_term_string"}}],"inLanguage":"da-DK"},{"@type":"Organization","@id":"https:\/\/oscspirits.com\/da\/#organization","name":"Old Spirits Company","url":"https:\/\/oscspirits.com\/da\/","logo":{"@type":"ImageObject","inLanguage":"da-DK","@id":"https:\/\/oscspirits.com\/da\/#\/schema\/logo\/image\/","url":"https:\/\/oscspirits.com\/wp-content\/uploads\/sites\/7\/2025\/05\/LogoTilLogin.png","contentUrl":"https:\/\/oscspirits.com\/wp-content\/uploads\/sites\/7\/2025\/05\/LogoTilLogin.png","width":262,"height":90,"caption":"Old Spirits Company"},"image":{"@id":"https:\/\/oscspirits.com\/da\/#\/schema\/logo\/image\/"}}]}},"_links":{"self":[{"href":"https:\/\/oscspirits.com\/da\/wp-json\/wp\/v2\/pages\/17287","targetHints":{"allow":["GET"]}}],"collection":[{"href":"https:\/\/oscspirits.com\/da\/wp-json\/wp\/v2\/pages"}],"about":[{"href":"https:\/\/oscspirits.com\/da\/wp-json\/wp\/v2\/types\/page"}],"author":[{"embeddable":true,"href":"https:\/\/oscspirits.com\/da\/wp-json\/wp\/v2\/users\/1"}],"replies":[{"embeddable":true,"href":"https:\/\/oscspirits.com\/da\/wp-json\/wp\/v2\/comments?post=17287"}],"version-history":[{"count":0,"href":"https:\/\/oscspirits.com\/da\/wp-json\/wp\/v2\/pages\/17287\/revisions"}],"wp:attachment":[{"href":"https:\/\/oscspirits.com\/da\/wp-json\/wp\/v2\/media?parent=17287"}],"curies":[{"name":"wp","href":"https:\/\/api.w.org\/{rel}","templated":true}]}}